{"id":37166,"date":"2026-04-08T11:14:54","date_gmt":"2026-04-08T09:14:54","guid":{"rendered":"https:\/\/www.daiahotels.com\/day-pass\/"},"modified":"2026-04-16T15:14:42","modified_gmt":"2026-04-16T13:14:42","slug":"day-pass","status":"publish","type":"page","link":"https:\/\/www.daiahotels.com\/fr\/day-pass\/","title":{"rendered":"Day Pass"},"content":{"rendered":"\t\t<div data-elementor-type=\"wp-page\" data-elementor-id=\"37166\" class=\"elementor elementor-37166 elementor-37155\" data-elementor-post-type=\"page\">\n\t\t\t\t<div class=\"elementor-element elementor-element-635dae2 dh_home_hero e-con-full e-flex e-con e-parent\" data-id=\"635dae2\" data-element_type=\"container\" data-e-type=\"container\" data-settings=\"{&quot;background_background&quot;:&quot;classic&quot;}\">\n\t\t\t\t<div class=\"elementor-element elementor-element-4a29d63 elementor-widget-tablet__width-initial elementor-widget elementor-widget-heading\" data-id=\"4a29d63\" data-element_type=\"widget\" data-e-type=\"widget\" data-widget_type=\"heading.default\">\n\t\t\t\t<div class=\"elementor-widget-container\">\n\t\t\t\t\t<h2 class=\"elementor-heading-title elementor-size-default\">Day Pass<\/h2>\t\t\t\t<\/div>\n\t\t\t\t<\/div>\n\t\t\t\t<\/div>\n\t\t<div class=\"elementor-element elementor-element-ab9f25e e-flex e-con-boxed e-con e-parent\" data-id=\"ab9f25e\" data-element_type=\"container\" data-e-type=\"container\" data-settings=\"{&quot;background_background&quot;:&quot;gradient&quot;}\">\n\t\t\t\t\t<div class=\"e-con-inner\">\n\t\t<div class=\"elementor-element elementor-element-cfe9b11 e-flex e-con-boxed e-con e-child\" data-id=\"cfe9b11\" data-element_type=\"container\" data-e-type=\"container\" data-settings=\"{&quot;background_background&quot;:&quot;classic&quot;}\">\n\t\t\t\t\t<div class=\"e-con-inner\">\n\t\t\t\t<div class=\"elementor-element elementor-element-7d4dd64 elementor-widget elementor-widget-heading\" data-id=\"7d4dd64\" data-element_type=\"widget\" data-e-type=\"widget\" data-widget_type=\"heading.default\">\n\t\t\t\t<div class=\"elementor-widget-container\">\n\t\t\t\t\t<h3 class=\"elementor-heading-title elementor-size-default\">Une journ\u00e9e pour <i>ressentir<\/i>, sans se presser<\/h3>\t\t\t\t<\/div>\n\t\t\t\t<\/div>\n\t\t\t\t<div class=\"elementor-element elementor-element-ea2b1f8 elementor-widget-mobile__width-inherit elementor-widget__width-initial elementor-widget elementor-widget-text-editor\" data-id=\"ea2b1f8\" data-element_type=\"widget\" data-e-type=\"widget\" data-widget_type=\"text-editor.default\">\n\t\t\t\t<div class=\"elementor-widget-container\">\n\t\t\t\t\t\t\t\t\t<p>Profitez de l\u2019essence du \u00ab Slow Movement \u00bb \u00e0 partir de <strong>59 \u20ac par couple<\/strong> sur nos transats au bord de la piscine ou face \u00e0 la mer. Laissez la lumi\u00e8re chaleureuse, la brise douce et le murmure de l\u2019eau cr\u00e9er le cadre id\u00e9al pour vous reconnecter, respirer profond\u00e9ment et simplement \u00eatre.<\/p>\t\t\t\t\t\t\t\t<\/div>\n\t\t\t\t<\/div>\n\t\t\t\t\t<\/div>\n\t\t\t\t<\/div>\n\t\t<div class=\"elementor-element elementor-element-51e8502 e-con-full e-flex e-con e-child\" data-id=\"51e8502\" data-element_type=\"container\" data-e-type=\"container\" data-settings=\"{&quot;background_background&quot;:&quot;classic&quot;}\">\n\t\t<div class=\"elementor-element elementor-element-4a4d7fc e-con-full e-flex e-con e-child\" data-id=\"4a4d7fc\" data-element_type=\"container\" data-e-type=\"container\">\n\t\t\t\t<div class=\"elementor-element elementor-element-c3fabf9 elementor-widget elementor-widget-html\" data-id=\"c3fabf9\" data-element_type=\"widget\" data-e-type=\"widget\" data-widget_type=\"html.default\">\n\t\t\t\t<div class=\"elementor-widget-container\">\n\t\t\t\t\t<script src=\"https:\/\/www.transfersandexperiences.com\/additional-services\/iframe-tye-script.js\"><\/script><iframe id=\"iframe_booking\" src=\"https:\/\/www.transfersandexperiences.com\/additional-services\/view?product_id=115&type=sidebar-product&mode=portrait&code=M3LGacIqujvH&lang=fr\" allowfullscreen=\"\" style=\"border-radius: 20px;max-height: 450px;\" width=\"100%\" height=\"600px\" frameborder=\"0\"><\/iframe>\t\t\t\t<\/div>\n\t\t\t\t<\/div>\n\t\t\t\t<\/div>\n\t\t<div class=\"elementor-element elementor-element-60c021d e-con-full e-flex e-con e-child\" data-id=\"60c021d\" data-element_type=\"container\" data-e-type=\"container\">\n\t\t\t\t<div class=\"elementor-element elementor-element-dc1e077 elementor-widget__width-initial elementor-icon-list--layout-traditional elementor-list-item-link-full_width elementor-widget elementor-widget-icon-list\" data-id=\"dc1e077\" data-element_type=\"widget\" data-e-type=\"widget\" data-widget_type=\"icon-list.default\">\n\t\t\t\t<div class=\"elementor-widget-container\">\n\t\t\t\t\t\t\t<ul class=\"elementor-icon-list-items\">\n\t\t\t\t\t\t\t<li class=\"elementor-icon-list-item\">\n\t\t\t\t\t\t\t\t\t\t\t<span class=\"elementor-icon-list-icon\">\n\t\t\t\t\t\t\t<i aria-hidden=\"true\" class=\"far fa-clock\"><\/i>\t\t\t\t\t\t<\/span>\n\t\t\t\t\t\t\t\t\t\t<span class=\"elementor-icon-list-text\">Horaires : de 11h00 \u00e0 19h00.<\/span>\n\t\t\t\t\t\t\t\t\t<\/li>\n\t\t\t\t\t\t\t\t<li class=\"elementor-icon-list-item\">\n\t\t\t\t\t\t\t\t\t\t\t<span class=\"elementor-icon-list-icon\">\n\t\t\t\t\t\t\t<i aria-hidden=\"true\" class=\"far fa-credit-card\"><\/i>\t\t\t\t\t\t<\/span>\n\t\t\t\t\t\t\t\t\t\t<span class=\"elementor-icon-list-text\"><b>Cr\u00e9dit de 40 \u20ac<\/b> en boissons \u00e0 utiliser dans notre bar Siesta ou notre restaurant Salamar.<\/span>\n\t\t\t\t\t\t\t\t\t<\/li>\n\t\t\t\t\t\t\t\t<li class=\"elementor-icon-list-item\">\n\t\t\t\t\t\t\t\t\t\t\t<span class=\"elementor-icon-list-icon\">\n\t\t\t\t\t\t\t<i aria-hidden=\"true\" class=\"fas fa-user-friends\"><\/i>\t\t\t\t\t\t<\/span>\n\t\t\t\t\t\t\t\t\t\t<span class=\"elementor-icon-list-text\"><b>Disponible \u00e9galement pour les clients non r\u00e9sidents.<\/b><\/span>\n\t\t\t\t\t\t\t\t\t<\/li>\n\t\t\t\t\t\t<\/ul>\n\t\t\t\t\t\t<\/div>\n\t\t\t\t<\/div>\n\t\t\t\t<\/div>\n\t\t\t\t<\/div>\n\t\t<div class=\"elementor-element elementor-element-e74070d e-con-full e-flex e-con e-child\" data-id=\"e74070d\" data-element_type=\"container\" data-e-type=\"container\" data-settings=\"{&quot;background_background&quot;:&quot;classic&quot;}\">\n\t\t\t\t<div class=\"elementor-element elementor-element-146dde0 elementor-widget elementor-widget-image-carousel\" data-id=\"146dde0\" data-element_type=\"widget\" data-e-type=\"widget\" data-settings=\"{&quot;navigation&quot;:&quot;none&quot;,&quot;autoplay&quot;:&quot;yes&quot;,&quot;pause_on_hover&quot;:&quot;yes&quot;,&quot;pause_on_interaction&quot;:&quot;yes&quot;,&quot;autoplay_speed&quot;:5000,&quot;infinite&quot;:&quot;yes&quot;,&quot;speed&quot;:500,&quot;image_spacing_custom&quot;:{&quot;unit&quot;:&quot;px&quot;,&quot;size&quot;:20,&quot;sizes&quot;:[]},&quot;image_spacing_custom_tablet&quot;:{&quot;unit&quot;:&quot;px&quot;,&quot;size&quot;:&quot;&quot;,&quot;sizes&quot;:[]},&quot;image_spacing_custom_mobile&quot;:{&quot;unit&quot;:&quot;px&quot;,&quot;size&quot;:&quot;&quot;,&quot;sizes&quot;:[]}}\" data-widget_type=\"image-carousel.default\">\n\t\t\t\t<div class=\"elementor-widget-container\">\n\t\t\t\t\t\t\t<div class=\"elementor-image-carousel-wrapper swiper\" role=\"region\" aria-roledescription=\"carousel\" aria-label=\"Carrusel de im\u00e1genes\" dir=\"ltr\">\n\t\t\t<div class=\"elementor-image-carousel swiper-wrapper\" aria-live=\"off\">\n\t\t\t\t\t\t\t\t<div class=\"swiper-slide\" role=\"group\" aria-roledescription=\"slide\" aria-label=\"1 sur 3\"><figure class=\"swiper-slide-inner\"><img decoding=\"async\" class=\"swiper-slide-image\" src=\"https:\/\/www.daiahotels.com\/wp-content\/uploads\/2026\/04\/dh-ads-daypass-carrusel-3.jpg\" alt=\"dh-ads-daypass-carrusel-3\" \/><\/figure><\/div><div class=\"swiper-slide\" role=\"group\" aria-roledescription=\"slide\" aria-label=\"2 sur 3\"><figure class=\"swiper-slide-inner\"><img decoding=\"async\" class=\"swiper-slide-image\" src=\"https:\/\/www.daiahotels.com\/wp-content\/uploads\/2026\/04\/dh-ads-daypass-carrusel-2.jpg\" alt=\"dh-ads-daypass-carrusel-2\" \/><\/figure><\/div><div class=\"swiper-slide\" role=\"group\" aria-roledescription=\"slide\" aria-label=\"3 sur 3\"><figure class=\"swiper-slide-inner\"><img decoding=\"async\" class=\"swiper-slide-image\" src=\"https:\/\/www.daiahotels.com\/wp-content\/uploads\/2026\/04\/dh-ads-daypass-carrusel-1.jpg\" alt=\"dh-ads-daypass-carrusel-1\" \/><\/figure><\/div>\t\t\t<\/div>\n\t\t\t\t\t\t\t\n\t\t\t\t\t\t\t\t\t<\/div>\n\t\t\t\t\t\t<\/div>\n\t\t\t\t<\/div>\n\t\t\t\t<\/div>\n\t\t\t\t\t<\/div>\n\t\t\t\t<\/div>\n\t\t\t\t<\/div>\n\t\t","protected":false},"excerpt":{"rendered":"<p>Day Pass Une journ\u00e9e pour ressentir, sans se presser Profitez de l\u2019essence du \u00ab Slow Movement \u00bb \u00e0 partir de 59 \u20ac par couple sur nos transats au bord de la piscine ou face \u00e0 la mer. Laissez la lumi\u00e8re chaleureuse, la brise douce et le murmure de l\u2019eau cr\u00e9er le cadre id\u00e9al pour vous [&hellip;]<\/p>\n","protected":false},"author":6,"featured_media":0,"parent":0,"menu_order":0,"comment_status":"closed","ping_status":"closed","template":"","meta":{"_acf_changed":false,"inline_featured_image":false,"site-sidebar-layout":"no-sidebar","site-content-layout":"page-builder","ast-site-content-layout":"full-width-container","site-content-style":"default","site-sidebar-style":"default","ast-global-header-display":"","ast-banner-title-visibility":"","ast-main-header-display":"","ast-hfb-above-header-display":"","ast-hfb-below-header-display":"","ast-hfb-mobile-header-display":"","site-post-title":"disabled","ast-breadcrumbs-content":"","ast-featured-img":"disabled","footer-sml-layout":"","ast-disable-related-posts":"","theme-transparent-header-meta":"","adv-header-id-meta":"","stick-header-meta":"","header-above-stick-meta":"","header-main-stick-meta":"","header-below-stick-meta":"","astra-migrate-meta-layouts":"set","ast-page-background-enabled":"default","ast-page-background-meta":{"desktop":{"background-color":"var(--ast-global-color-4)","background-image":"","background-repeat":"repeat","background-position":"center center","background-size":"auto","background-attachment":"scroll","background-type":"","background-media":"","overlay-type":"","overlay-color":"","overlay-opacity":"","overlay-gradient":""},"tablet":{"background-color":"","background-image":"","background-repeat":"repeat","background-position":"center center","background-size":"auto","background-attachment":"scroll","background-type":"","background-media":"","overlay-type":"","overlay-color":"","overlay-opacity":"","overlay-gradient":""},"mobile":{"background-color":"","background-image":"","background-repeat":"repeat","background-position":"center center","background-size":"auto","background-attachment":"scroll","background-type":"","background-media":"","overlay-type":"","overlay-color":"","overlay-opacity":"","overlay-gradient":""}},"ast-content-background-meta":{"desktop":{"background-color":"var(--ast-global-color-5)","background-image":"","background-repeat":"repeat","background-position":"center center","background-size":"auto","background-attachment":"scroll","background-type":"","background-media":"","overlay-type":"","overlay-color":"","overlay-opacity":"","overlay-gradient":""},"tablet":{"background-color":"var(--ast-global-color-5)","background-image":"","background-repeat":"repeat","background-position":"center center","background-size":"auto","background-attachment":"scroll","background-type":"","background-media":"","overlay-type":"","overlay-color":"","overlay-opacity":"","overlay-gradient":""},"mobile":{"background-color":"var(--ast-global-color-5)","background-image":"","background-repeat":"repeat","background-position":"center center","background-size":"auto","background-attachment":"scroll","background-type":"","background-media":"","overlay-type":"","overlay-color":"","overlay-opacity":"","overlay-gradient":""}},"footnotes":""},"class_list":["post-37166","page","type-page","status-publish","hentry"],"acf":[],"yoast_head":"<!-- This site is optimized with the Yoast SEO plugin v27.0 - https:\/\/yoast.com\/product\/yoast-seo-wordpress\/ -->\n<title>DAIA Day Pass : Exp\u00e9rience Slow Living<\/title>\n<meta name=\"description\" content=\"\u00c9vadez-vous \u00e0 DAIA le temps d\u2019une journ\u00e9e. Piscine, vue mer, slow living dans un cadre paisible r\u00e9serv\u00e9 aux adultes. R\u00e9servez votre day pass!\" \/>\n<meta name=\"robots\" content=\"noindex, nofollow\" \/>\n<meta property=\"og:locale\" content=\"fr_FR\" \/>\n<meta property=\"og:type\" content=\"article\" \/>\n<meta property=\"og:title\" content=\"DAIA Day Pass : Exp\u00e9rience Slow Living\" \/>\n<meta property=\"og:description\" content=\"\u00c9vadez-vous \u00e0 DAIA le temps d\u2019une journ\u00e9e. Piscine, vue mer, slow living dans un cadre paisible r\u00e9serv\u00e9 aux adultes. R\u00e9servez votre day pass!\" \/>\n<meta property=\"og:url\" content=\"https:\/\/www.daiahotels.com\/fr\/day-pass\/\" \/>\n<meta property=\"og:site_name\" content=\"DAIA\" \/>\n<meta property=\"article:modified_time\" content=\"2026-04-16T13:14:42+00:00\" \/>\n<meta property=\"og:image\" content=\"https:\/\/www.daiahotels.com\/wp-content\/uploads\/2026\/04\/dh-ads-daypass-carrusel-3.jpg\" \/>\n<meta name=\"twitter:card\" content=\"summary_large_image\" \/>\n<meta name=\"twitter:label1\" content=\"Dur\u00e9e de lecture estim\u00e9e\" \/>\n\t<meta name=\"twitter:data1\" content=\"1 minute\" \/>\n<!-- \/ Yoast SEO plugin. -->","yoast_head_json":{"title":"DAIA Day Pass : Exp\u00e9rience Slow Living","description":"\u00c9vadez-vous \u00e0 DAIA le temps d\u2019une journ\u00e9e. Piscine, vue mer, slow living dans un cadre paisible r\u00e9serv\u00e9 aux adultes. R\u00e9servez votre day pass!","robots":{"index":"noindex","follow":"nofollow"},"og_locale":"fr_FR","og_type":"article","og_title":"DAIA Day Pass : Exp\u00e9rience Slow Living","og_description":"\u00c9vadez-vous \u00e0 DAIA le temps d\u2019une journ\u00e9e. Piscine, vue mer, slow living dans un cadre paisible r\u00e9serv\u00e9 aux adultes. R\u00e9servez votre day pass!","og_url":"https:\/\/www.daiahotels.com\/fr\/day-pass\/","og_site_name":"DAIA","article_modified_time":"2026-04-16T13:14:42+00:00","og_image":[{"url":"https:\/\/www.daiahotels.com\/wp-content\/uploads\/2026\/04\/dh-ads-daypass-carrusel-3.jpg","type":"","width":"","height":""}],"twitter_card":"summary_large_image","twitter_misc":{"Dur\u00e9e de lecture estim\u00e9e":"1 minute"},"schema":{"@context":"https:\/\/schema.org","@graph":[{"@type":"WebPage","@id":"https:\/\/www.daiahotels.com\/fr\/day-pass\/","url":"https:\/\/www.daiahotels.com\/fr\/day-pass\/","name":"DAIA Day Pass : Exp\u00e9rience Slow Living","isPartOf":{"@id":"https:\/\/www.daiahotels.com\/fr\/#website"},"primaryImageOfPage":{"@id":"https:\/\/www.daiahotels.com\/fr\/day-pass\/#primaryimage"},"image":{"@id":"https:\/\/www.daiahotels.com\/fr\/day-pass\/#primaryimage"},"thumbnailUrl":"https:\/\/www.daiahotels.com\/wp-content\/uploads\/2026\/04\/dh-ads-daypass-carrusel-3.jpg","datePublished":"2026-04-08T09:14:54+00:00","dateModified":"2026-04-16T13:14:42+00:00","description":"\u00c9vadez-vous \u00e0 DAIA le temps d\u2019une journ\u00e9e. Piscine, vue mer, slow living dans un cadre paisible r\u00e9serv\u00e9 aux adultes. R\u00e9servez votre day pass!","breadcrumb":{"@id":"https:\/\/www.daiahotels.com\/fr\/day-pass\/#breadcrumb"},"inLanguage":"fr-FR","potentialAction":[{"@type":"ReadAction","target":["https:\/\/www.daiahotels.com\/fr\/day-pass\/"]}]},{"@type":"ImageObject","inLanguage":"fr-FR","@id":"https:\/\/www.daiahotels.com\/fr\/day-pass\/#primaryimage","url":"https:\/\/www.daiahotels.com\/wp-content\/uploads\/2026\/04\/dh-ads-daypass-carrusel-3.jpg","contentUrl":"https:\/\/www.daiahotels.com\/wp-content\/uploads\/2026\/04\/dh-ads-daypass-carrusel-3.jpg"},{"@type":"BreadcrumbList","@id":"https:\/\/www.daiahotels.com\/fr\/day-pass\/#breadcrumb","itemListElement":[{"@type":"ListItem","position":1,"name":"Home","item":"https:\/\/www.daiahotels.com\/fr\/"},{"@type":"ListItem","position":2,"name":"Day Pass"}]},{"@type":"WebSite","@id":"https:\/\/www.daiahotels.com\/fr\/#website","url":"https:\/\/www.daiahotels.com\/fr\/","name":"DAIA","description":"","publisher":{"@id":"https:\/\/www.daiahotels.com\/fr\/#organization"},"potentialAction":[{"@type":"SearchAction","target":{"@type":"EntryPoint","urlTemplate":"https:\/\/www.daiahotels.com\/fr\/?s={search_term_string}"},"query-input":{"@type":"PropertyValueSpecification","valueRequired":true,"valueName":"search_term_string"}}],"inLanguage":"fr-FR"},{"@type":"Organization","@id":"https:\/\/www.daiahotels.com\/fr\/#organization","name":"DAIA Slow Beach Hotel Conil de la Frontera","url":"https:\/\/www.daiahotels.com\/fr\/","logo":{"@type":"ImageObject","inLanguage":"fr-FR","@id":"https:\/\/www.daiahotels.com\/fr\/#\/schema\/logo\/image\/","url":"https:\/\/www.daiahotels.com\/wp-content\/uploads\/2022\/05\/daia-conil-ok-mono-scaled.jpg","contentUrl":"https:\/\/www.daiahotels.com\/wp-content\/uploads\/2022\/05\/daia-conil-ok-mono-scaled.jpg","width":2560,"height":2560,"caption":"DAIA Slow Beach Hotel Conil de la Frontera"},"image":{"@id":"https:\/\/www.daiahotels.com\/fr\/#\/schema\/logo\/image\/"}}]}},"_links":{"self":[{"href":"https:\/\/www.daiahotels.com\/fr\/wp-json\/wp\/v2\/pages\/37166","targetHints":{"allow":["GET"]}}],"collection":[{"href":"https:\/\/www.daiahotels.com\/fr\/wp-json\/wp\/v2\/pages"}],"about":[{"href":"https:\/\/www.daiahotels.com\/fr\/wp-json\/wp\/v2\/types\/page"}],"author":[{"embeddable":true,"href":"https:\/\/www.daiahotels.com\/fr\/wp-json\/wp\/v2\/users\/6"}],"replies":[{"embeddable":true,"href":"https:\/\/www.daiahotels.com\/fr\/wp-json\/wp\/v2\/comments?post=37166"}],"version-history":[{"count":17,"href":"https:\/\/www.daiahotels.com\/fr\/wp-json\/wp\/v2\/pages\/37166\/revisions"}],"predecessor-version":[{"id":37623,"href":"https:\/\/www.daiahotels.com\/fr\/wp-json\/wp\/v2\/pages\/37166\/revisions\/37623"}],"wp:attachment":[{"href":"https:\/\/www.daiahotels.com\/fr\/wp-json\/wp\/v2\/media?parent=37166"}],"curies":[{"name":"wp","href":"https:\/\/api.w.org\/{rel}","templated":true}]}}