{"id":33605,"date":"2026-01-19T12:38:29","date_gmt":"2026-01-19T11:38:29","guid":{"rendered":"https:\/\/www.daiahotels.com\/elige-tu-habitacion\/"},"modified":"2026-03-27T09:57:32","modified_gmt":"2026-03-27T08:57:32","slug":"choisissez-votre-chambre","status":"publish","type":"page","link":"https:\/\/www.daiahotels.com\/fr\/choisissez-votre-chambre\/","title":{"rendered":"Choisissez votre chambre"},"content":{"rendered":"\t\t<div data-elementor-type=\"wp-page\" data-elementor-id=\"33605\" class=\"elementor elementor-33605 elementor-33481\" data-elementor-post-type=\"page\">\n\t\t\t\t<div class=\"elementor-element elementor-element-c9d83b5 dh_home_hero e-con-full e-flex e-con e-parent\" data-id=\"c9d83b5\" data-element_type=\"container\" data-e-type=\"container\" data-settings=\"{&quot;background_background&quot;:&quot;classic&quot;}\">\n\t\t\t\t<div class=\"elementor-element elementor-element-8ca0923 elementor-widget-mobile__width-initial elementor-widget elementor-widget-text-editor\" data-id=\"8ca0923\" data-element_type=\"widget\" data-e-type=\"widget\" data-widget_type=\"text-editor.default\">\n\t\t\t\t<div class=\"elementor-widget-container\">\n\t\t\t\t\t\t\t\t\tNE VOUS CONTENTEZ PAS DU STANDARD, ALLEZ PLUS LOIN\n\t\t\t\t\t\t\t\t<\/div>\n\t\t\t\t<\/div>\n\t\t\t\t<div class=\"elementor-element elementor-element-97e1b77 elementor-widget-tablet__width-initial elementor-widget elementor-widget-heading\" data-id=\"97e1b77\" data-element_type=\"widget\" data-e-type=\"widget\" data-widget_type=\"heading.default\">\n\t\t\t\t<div class=\"elementor-widget-container\">\n\t\t\t\t\t<h2 class=\"elementor-heading-title elementor-size-default\">Choisissez votre chambre<\/h2>\t\t\t\t<\/div>\n\t\t\t\t<\/div>\n\t\t\t\t<\/div>\n\t\t<div class=\"elementor-element elementor-element-28dd08d e-flex e-con-boxed e-con e-parent\" data-id=\"28dd08d\" data-element_type=\"container\" data-e-type=\"container\">\n\t\t\t\t\t<div class=\"e-con-inner\">\n\t\t<div class=\"elementor-element elementor-element-f97eae4 e-flex e-con-boxed e-con e-child\" data-id=\"f97eae4\" data-element_type=\"container\" data-e-type=\"container\" data-settings=\"{&quot;background_background&quot;:&quot;classic&quot;}\">\n\t\t\t\t\t<div class=\"e-con-inner\">\n\t\t\t\t<div class=\"elementor-element elementor-element-22cc723 elementor-widget-mobile__width-inherit elementor-widget elementor-widget-text-editor\" data-id=\"22cc723\" data-element_type=\"widget\" data-e-type=\"widget\" data-widget_type=\"text-editor.default\">\n\t\t\t\t<div class=\"elementor-widget-container\">\n\t\t\t\t\t\t\t\t\t<p>Pourquoi se contenter du basique quand vous pouvez personnaliser votre s\u00e9jour d\u00e8s le d\u00e9part ?<\/p>\n<p><\/p>\n<p>Concevez votre s\u00e9jour sur mesure. Du calme des \u00e9tages \u00e9lev\u00e9s au recoin id\u00e9al\u2026 Chez DAIA, c&rsquo;est vous qui d\u00e9cidez o\u00f9 commence votre repos.<\/p>\n<p>Si vous avez d\u00e9j\u00e0 effectu\u00e9 votre r\u00e9servation, vous pouvez <b>choisir le num\u00e9ro exact de votre chambre<\/b>.<\/p>\t\t\t\t\t\t\t\t<\/div>\n\t\t\t\t<\/div>\n\t\t\t\t\t<\/div>\n\t\t\t\t<\/div>\n\t\t\t\t<div class=\"elementor-element elementor-element-e96610f elementor-widget elementor-widget-html\" data-id=\"e96610f\" data-element_type=\"widget\" data-e-type=\"widget\" data-widget_type=\"html.default\">\n\t\t\t\t<div class=\"elementor-widget-container\">\n\t\t\t\t\t<div style=\"max-width: 1200px; margin: 0px auto\">\n<div\nid=\"hv\"\ndata-hvhotelid=\"628\"\ndata-hvclientid=\"7\"\ndata-hvproduct=\"ChooseYourRoom\"\ndata-hvlanguage=\"fr\"\ndata-hvcurrency=\"EUR\"\ndata-hvchooseformmode=\"0\"\ndata-hvcommandsinterface=\"e30=\"\ndata-hvaccesstokenhv=\"eyJzaWduYXR1cmUiOiIzOGRhZmYwMmU5Njg4NDUzM2Y4N2M2YmM3NWJlMWM2ODM5ZTU1OTI3YTBhZGM1MjYzMzkyMDhiMjA3MGMxMDVlODBlYjViNmI5MjE4NDYwNmViNWZhNmQ4NGQzMTIyNGFkZWRlZTVkYWJiNmI4YmNmMGViM2I4OGZmN2MyODBlNyIsInRpbWVzdGFtcCI6MjIxMDIzNDQwMH0=\">\n<\/div>\n<script src=\"https:\/\/cdn.hotelverse.tech\/scripts\/embed.js\"><\/script>\n<script src=\"https:\/\/cdn.hotelverse.tech\/scripts\/interfaceListener.js\"><\/script>\n<\/div> \t\t\t\t<\/div>\n\t\t\t\t<\/div>\n\t\t\t\t\t<\/div>\n\t\t\t\t<\/div>\n\t\t\t\t<\/div>\n\t\t","protected":false},"excerpt":{"rendered":"<p>NE VOUS CONTENTEZ PAS DU STANDARD, ALLEZ PLUS LOIN Choisissez votre chambre Pourquoi se contenter du basique quand vous pouvez personnaliser votre s\u00e9jour d\u00e8s le d\u00e9part ? Concevez votre s\u00e9jour sur mesure. Du calme des \u00e9tages \u00e9lev\u00e9s au recoin id\u00e9al\u2026 Chez DAIA, c&rsquo;est vous qui d\u00e9cidez o\u00f9 commence votre repos. Si vous avez d\u00e9j\u00e0 effectu\u00e9 [&hellip;]<\/p>\n","protected":false},"author":3,"featured_media":0,"parent":0,"menu_order":0,"comment_status":"closed","ping_status":"closed","template":"","meta":{"_acf_changed":false,"inline_featured_image":false,"site-sidebar-layout":"no-sidebar","site-content-layout":"page-builder","ast-site-content-layout":"full-width-container","site-content-style":"default","site-sidebar-style":"default","ast-global-header-display":"","ast-banner-title-visibility":"","ast-main-header-display":"","ast-hfb-above-header-display":"","ast-hfb-below-header-display":"","ast-hfb-mobile-header-display":"","site-post-title":"disabled","ast-breadcrumbs-content":"","ast-featured-img":"disabled","footer-sml-layout":"","ast-disable-related-posts":"","theme-transparent-header-meta":"","adv-header-id-meta":"","stick-header-meta":"","header-above-stick-meta":"","header-main-stick-meta":"","header-below-stick-meta":"","astra-migrate-meta-layouts":"set","ast-page-background-enabled":"default","ast-page-background-meta":{"desktop":{"background-color":"var(--ast-global-color-4)","background-image":"","background-repeat":"repeat","background-position":"center center","background-size":"auto","background-attachment":"scroll","background-type":"","background-media":"","overlay-type":"","overlay-color":"","overlay-gradient":""},"tablet":{"background-color":"","background-image":"","background-repeat":"repeat","background-position":"center center","background-size":"auto","background-attachment":"scroll","background-type":"","background-media":"","overlay-type":"","overlay-color":"","overlay-gradient":""},"mobile":{"background-color":"","background-image":"","background-repeat":"repeat","background-position":"center center","background-size":"auto","background-attachment":"scroll","background-type":"","background-media":"","overlay-type":"","overlay-color":"","overlay-gradient":""}},"ast-content-background-meta":{"desktop":{"background-color":"var(--ast-global-color-5)","background-image":"","background-repeat":"repeat","background-position":"center center","background-size":"auto","background-attachment":"scroll","background-type":"","background-media":"","overlay-type":"","overlay-color":"","overlay-gradient":""},"tablet":{"background-color":"var(--ast-global-color-5)","background-image":"","background-repeat":"repeat","background-position":"center center","background-size":"auto","background-attachment":"scroll","background-type":"","background-media":"","overlay-type":"","overlay-color":"","overlay-gradient":""},"mobile":{"background-color":"var(--ast-global-color-5)","background-image":"","background-repeat":"repeat","background-position":"center center","background-size":"auto","background-attachment":"scroll","background-type":"","background-media":"","overlay-type":"","overlay-color":"","overlay-gradient":""}},"footnotes":""},"class_list":["post-33605","page","type-page","status-publish","hentry"],"acf":[],"yoast_head":"<!-- This site is optimized with the Yoast SEO plugin v27.0 - https:\/\/yoast.com\/product\/yoast-seo-wordpress\/ -->\n<title>Choisissez votre chambre, DAIA Slow Beach Hotel Conil<\/title>\n<meta name=\"description\" content=\"Choisissez votre chambre \u00e0 DAIA Conil \u2013 s\u00e9lectionnez l\u2019emplacement et l\u2019ambiance qui rendent votre s\u00e9jour unique.\" \/>\n<meta name=\"robots\" content=\"index, nofollow, max-snippet:-1, max-image-preview:large, max-video-preview:-1\" \/>\n<link rel=\"canonical\" href=\"https:\/\/www.daiahotels.com\/fr\/choisissez-votre-chambre\/\" \/>\n<meta property=\"og:locale\" content=\"fr_FR\" \/>\n<meta property=\"og:type\" content=\"article\" \/>\n<meta property=\"og:title\" content=\"Choisissez votre chambre, DAIA Slow Beach Hotel Conil\" \/>\n<meta property=\"og:description\" content=\"Choisissez votre chambre \u00e0 DAIA Conil \u2013 s\u00e9lectionnez l\u2019emplacement et l\u2019ambiance qui rendent votre s\u00e9jour unique.\" \/>\n<meta property=\"og:url\" content=\"https:\/\/www.daiahotels.com\/fr\/choisissez-votre-chambre\/\" \/>\n<meta property=\"og:site_name\" content=\"DAIA\" \/>\n<meta property=\"article:modified_time\" content=\"2026-03-27T08:57:32+00:00\" \/>\n<meta property=\"og:image\" content=\"https:\/\/www.daiahotels.com\/wp-content\/uploads\/2024\/07\/new-hero.jpg\" \/>\n\t<meta property=\"og:image:width\" content=\"1980\" \/>\n\t<meta property=\"og:image:height\" content=\"718\" \/>\n\t<meta property=\"og:image:type\" content=\"image\/jpeg\" \/>\n<meta name=\"twitter:card\" content=\"summary_large_image\" \/>\n<meta name=\"twitter:label1\" content=\"Dur\u00e9e de lecture estim\u00e9e\" \/>\n\t<meta name=\"twitter:data1\" content=\"1 minute\" \/>\n<!-- \/ Yoast SEO plugin. -->","yoast_head_json":{"title":"Choisissez votre chambre, DAIA Slow Beach Hotel Conil","description":"Choisissez votre chambre \u00e0 DAIA Conil \u2013 s\u00e9lectionnez l\u2019emplacement et l\u2019ambiance qui rendent votre s\u00e9jour unique.","robots":{"index":"index","follow":"nofollow","max-snippet":"max-snippet:-1","max-image-preview":"max-image-preview:large","max-video-preview":"max-video-preview:-1"},"canonical":"https:\/\/www.daiahotels.com\/fr\/choisissez-votre-chambre\/","og_locale":"fr_FR","og_type":"article","og_title":"Choisissez votre chambre, DAIA Slow Beach Hotel Conil","og_description":"Choisissez votre chambre \u00e0 DAIA Conil \u2013 s\u00e9lectionnez l\u2019emplacement et l\u2019ambiance qui rendent votre s\u00e9jour unique.","og_url":"https:\/\/www.daiahotels.com\/fr\/choisissez-votre-chambre\/","og_site_name":"DAIA","article_modified_time":"2026-03-27T08:57:32+00:00","og_image":[{"width":1980,"height":718,"url":"https:\/\/www.daiahotels.com\/wp-content\/uploads\/2024\/07\/new-hero.jpg","type":"image\/jpeg"}],"twitter_card":"summary_large_image","twitter_misc":{"Dur\u00e9e de lecture estim\u00e9e":"1 minute"},"schema":{"@context":"https:\/\/schema.org","@graph":[{"@type":"WebPage","@id":"https:\/\/www.daiahotels.com\/fr\/choisissez-votre-chambre\/","url":"https:\/\/www.daiahotels.com\/fr\/choisissez-votre-chambre\/","name":"Choisissez votre chambre, DAIA Slow Beach Hotel Conil","isPartOf":{"@id":"https:\/\/www.daiahotels.com\/fr\/#website"},"datePublished":"2026-01-19T11:38:29+00:00","dateModified":"2026-03-27T08:57:32+00:00","description":"Choisissez votre chambre \u00e0 DAIA Conil \u2013 s\u00e9lectionnez l\u2019emplacement et l\u2019ambiance qui rendent votre s\u00e9jour unique.","breadcrumb":{"@id":"https:\/\/www.daiahotels.com\/fr\/choisissez-votre-chambre\/#breadcrumb"},"inLanguage":"fr-FR","potentialAction":[{"@type":"ReadAction","target":["https:\/\/www.daiahotels.com\/fr\/choisissez-votre-chambre\/"]}]},{"@type":"BreadcrumbList","@id":"https:\/\/www.daiahotels.com\/fr\/choisissez-votre-chambre\/#breadcrumb","itemListElement":[{"@type":"ListItem","position":1,"name":"Home","item":"https:\/\/www.daiahotels.com\/fr\/"},{"@type":"ListItem","position":2,"name":"Choisissez votre chambre"}]},{"@type":"WebSite","@id":"https:\/\/www.daiahotels.com\/fr\/#website","url":"https:\/\/www.daiahotels.com\/fr\/","name":"DAIA","description":"","publisher":{"@id":"https:\/\/www.daiahotels.com\/fr\/#organization"},"potentialAction":[{"@type":"SearchAction","target":{"@type":"EntryPoint","urlTemplate":"https:\/\/www.daiahotels.com\/fr\/?s={search_term_string}"},"query-input":{"@type":"PropertyValueSpecification","valueRequired":true,"valueName":"search_term_string"}}],"inLanguage":"fr-FR"},{"@type":"Organization","@id":"https:\/\/www.daiahotels.com\/fr\/#organization","name":"DAIA Slow Beach Hotel Conil de la Frontera","url":"https:\/\/www.daiahotels.com\/fr\/","logo":{"@type":"ImageObject","inLanguage":"fr-FR","@id":"https:\/\/www.daiahotels.com\/fr\/#\/schema\/logo\/image\/","url":"https:\/\/www.daiahotels.com\/wp-content\/uploads\/2022\/05\/daia-conil-ok-mono-scaled.jpg","contentUrl":"https:\/\/www.daiahotels.com\/wp-content\/uploads\/2022\/05\/daia-conil-ok-mono-scaled.jpg","width":2560,"height":2560,"caption":"DAIA Slow Beach Hotel Conil de la Frontera"},"image":{"@id":"https:\/\/www.daiahotels.com\/fr\/#\/schema\/logo\/image\/"}}]}},"_links":{"self":[{"href":"https:\/\/www.daiahotels.com\/fr\/wp-json\/wp\/v2\/pages\/33605","targetHints":{"allow":["GET"]}}],"collection":[{"href":"https:\/\/www.daiahotels.com\/fr\/wp-json\/wp\/v2\/pages"}],"about":[{"href":"https:\/\/www.daiahotels.com\/fr\/wp-json\/wp\/v2\/types\/page"}],"author":[{"embeddable":true,"href":"https:\/\/www.daiahotels.com\/fr\/wp-json\/wp\/v2\/users\/3"}],"replies":[{"embeddable":true,"href":"https:\/\/www.daiahotels.com\/fr\/wp-json\/wp\/v2\/comments?post=33605"}],"version-history":[{"count":3,"href":"https:\/\/www.daiahotels.com\/fr\/wp-json\/wp\/v2\/pages\/33605\/revisions"}],"predecessor-version":[{"id":36711,"href":"https:\/\/www.daiahotels.com\/fr\/wp-json\/wp\/v2\/pages\/33605\/revisions\/36711"}],"wp:attachment":[{"href":"https:\/\/www.daiahotels.com\/fr\/wp-json\/wp\/v2\/media?parent=33605"}],"curies":[{"name":"wp","href":"https:\/\/api.w.org\/{rel}","templated":true}]}}