{"id":21140,"date":"2024-07-08T12:00:01","date_gmt":"2024-07-08T10:00:01","guid":{"rendered":"https:\/\/www.daiahotels.com\/contactar\/"},"modified":"2026-04-28T09:47:36","modified_gmt":"2026-04-28T07:47:36","slug":"contacter","status":"publish","type":"page","link":"https:\/\/www.daiahotels.com\/fr\/contacter\/","title":{"rendered":"Contacter"},"content":{"rendered":"\t\t<div data-elementor-type=\"wp-page\" data-elementor-id=\"21140\" class=\"elementor elementor-21140 elementor-14761\" data-elementor-post-type=\"page\">\n\t\t\t\t<div class=\"elementor-element elementor-element-63498dd dh_home_hero e-con-full e-flex e-con e-parent\" data-id=\"63498dd\" data-element_type=\"container\" data-e-type=\"container\" data-settings=\"{&quot;background_background&quot;:&quot;classic&quot;}\">\n\t\t\t\t<div class=\"elementor-element elementor-element-7030d76 elementor-widget elementor-widget-heading\" data-id=\"7030d76\" data-element_type=\"widget\" data-e-type=\"widget\" data-widget_type=\"heading.default\">\n\t\t\t\t<div class=\"elementor-widget-container\">\n\t\t\t\t\t<h1 class=\"elementor-heading-title elementor-size-default\"><i>Nous sommes l\u00e0<\/i><br>pour r\u00e9pondre \u00e0<br>toutes vos questions<\/h1>\t\t\t\t<\/div>\n\t\t\t\t<\/div>\n\t\t\t\t<\/div>\n\t\t<div class=\"elementor-element elementor-element-3dc6c9f e-flex e-con-boxed e-con e-parent\" data-id=\"3dc6c9f\" data-element_type=\"container\" data-e-type=\"container\" data-settings=\"{&quot;background_background&quot;:&quot;classic&quot;}\">\n\t\t\t\t\t<div class=\"e-con-inner\">\n\t\t<div class=\"elementor-element elementor-element-f7775d1 e-flex e-con-boxed e-con e-child\" data-id=\"f7775d1\" data-element_type=\"container\" data-e-type=\"container\">\n\t\t\t\t\t<div class=\"e-con-inner\">\n\t\t\t\t<div class=\"elementor-element elementor-element-d1f2a16 elementor-widget__width-inherit elementor-button-align-stretch elementor-widget elementor-widget-form\" data-id=\"d1f2a16\" data-element_type=\"widget\" data-e-type=\"widget\" data-settings=\"{&quot;step_next_label&quot;:&quot;N\\u00e4chster&quot;,&quot;step_previous_label&quot;:&quot;Voriger&quot;,&quot;button_width&quot;:&quot;100&quot;,&quot;step_type&quot;:&quot;number_text&quot;,&quot;step_icon_shape&quot;:&quot;circle&quot;}\" data-widget_type=\"form.default\">\n\t\t\t\t<div class=\"elementor-widget-container\">\n\t\t\t\t\t\t\t<form class=\"elementor-form\" method=\"post\" name=\"Contacto ES\" aria-label=\"Contacto ES\">\n\t\t\t<input type=\"hidden\" name=\"post_id\" value=\"21140\"\/>\n\t\t\t<input type=\"hidden\" name=\"form_id\" value=\"d1f2a16\"\/>\n\t\t\t<input type=\"hidden\" name=\"referer_title\" value=\"DAIA\" \/>\n\n\t\t\t\n\t\t\t<div class=\"elementor-form-fields-wrapper elementor-labels-above\">\n\t\t\t\t\t\t\t\t<div class=\"elementor-field-type-text elementor-field-group elementor-column elementor-field-group-name elementor-col-100 elementor-field-required elementor-mark-required\">\n\t\t\t\t\t\t\t\t\t\t\t\t\t<input size=\"1\" type=\"text\" name=\"form_fields[name]\" id=\"form-field-name\" class=\"elementor-field elementor-size-sm  elementor-field-textual\" placeholder=\"NOM\" required=\"required\">\n\t\t\t\t\t\t\t\t\t\t\t<\/div>\n\t\t\t\t\t\t\t\t<div class=\"elementor-field-type-email elementor-field-group elementor-column elementor-field-group-email elementor-col-100 elementor-field-required elementor-mark-required\">\n\t\t\t\t\t\t\t\t\t\t\t\t\t<input size=\"1\" type=\"email\" name=\"form_fields[email]\" id=\"form-field-email\" class=\"elementor-field elementor-size-sm  elementor-field-textual\" placeholder=\"EMAIL\" required=\"required\">\n\t\t\t\t\t\t\t\t\t\t\t<\/div>\n\t\t\t\t\t\t\t\t<div class=\"elementor-field-type-tel elementor-field-group elementor-column elementor-field-group-field_1a4df7f elementor-col-100\">\n\t\t\t\t\t\t\t<input size=\"1\" type=\"tel\" name=\"form_fields[field_1a4df7f]\" id=\"form-field-field_1a4df7f\" class=\"elementor-field elementor-size-sm  elementor-field-textual\" placeholder=\"T\u00c9L\u00c9PHONE\" pattern=\"[0-9()#&amp;+*-=.]+\" title=\"Seuls les caract\u00e8res de num\u00e9ros de t\u00e9l\u00e9phone (#, -, *, etc.) sont accept\u00e9s.\">\n\n\t\t\t\t\t\t<\/div>\n\t\t\t\t\t\t\t\t<div class=\"elementor-field-type-textarea elementor-field-group elementor-column elementor-field-group-message elementor-col-100 elementor-field-required elementor-mark-required\">\n\t\t\t\t\t<textarea class=\"elementor-field-textual elementor-field  elementor-size-sm\" name=\"form_fields[message]\" id=\"form-field-message\" rows=\"3\" placeholder=\"MESSAGE\" required=\"required\"><\/textarea>\t\t\t\t<\/div>\n\t\t\t\t\t\t\t\t<div class=\"elementor-field-type-acceptance elementor-field-group elementor-column elementor-field-group-field_cb5afd4 elementor-col-100 elementor-field-required elementor-mark-required\">\n\t\t\t\t\t\t\t<div class=\"elementor-field-subgroup\">\n\t\t\t<span class=\"elementor-field-option\">\n\t\t\t\t<input type=\"checkbox\" name=\"form_fields[field_cb5afd4]\" id=\"form-field-field_cb5afd4\" class=\"elementor-field elementor-size-sm  elementor-acceptance-field\" required=\"required\">\n\t\t\t\t<label for=\"form-field-field_cb5afd4\">J\u2019accepte les conditions l\u00e9gales - <a href=\"https:\/\/www.daiahotels.com\/fr\/mentions-legales\/\" target=\"_blank\">Mentions l\u00e9gales<\/a>, <a href=\"https:\/\/www.daiahotels.com\/fr\/politique-confidentialite-et-contrat-a-distance\/\" target=\"_blank\">confidentialit\u00e9<\/a> et <a href=\"https:\/\/www.daiahotels.com\/fr\/politique-de-cookies\/\" target=\"_blank\">cookies<\/a>  <\/label>\t\t\t<\/span>\n\t\t<\/div>\n\t\t\t\t\t\t<\/div>\n\t\t\t\t\t\t\t\t<div class=\"elementor-field-type-acceptance elementor-field-group elementor-column elementor-field-group-field_6bc0b97 elementor-col-100\">\n\t\t\t\t\t\t\t<div class=\"elementor-field-subgroup\">\n\t\t\t<span class=\"elementor-field-option\">\n\t\t\t\t<input type=\"checkbox\" name=\"form_fields[field_6bc0b97]\" id=\"form-field-field_6bc0b97\" class=\"elementor-field elementor-size-sm  elementor-acceptance-field\">\n\t\t\t\t<label for=\"form-field-field_6bc0b97\">Je souhaite recevoir les offres de Daia Slow Beach Hotel Conil.<\/label>\t\t\t<\/span>\n\t\t<\/div>\n\t\t\t\t\t\t<\/div>\n\t\t\t\t\t\t\t\t<div class=\"elementor-field-type-recaptcha_v3 elementor-field-group elementor-column elementor-field-group-field_2d6b114 elementor-col-100 recaptcha_v3-inline\">\n\t\t\t\t\t<div class=\"elementor-field\" id=\"form-field-field_2d6b114\"><div class=\"elementor-g-recaptcha\" data-sitekey=\"6Lf6C_EqAAAAALbTibLLmfO_rQ7pqNIHG6h2bRBx\" data-type=\"v3\" data-action=\"Form\" data-badge=\"inline\" data-size=\"invisible\"><\/div><\/div>\t\t\t\t<\/div>\n\t\t\t\t\t\t\t\t<div class=\"elementor-field-group elementor-column elementor-field-type-submit elementor-col-100 e-form__buttons\">\n\t\t\t\t\t<button class=\"elementor-button elementor-size-sm\" type=\"submit\">\n\t\t\t\t\t\t<span class=\"elementor-button-content-wrapper\">\n\t\t\t\t\t\t\t\t\t\t\t\t\t\t\t\t\t\t\t\t\t\t<span class=\"elementor-button-text\">Envoyer<\/span>\n\t\t\t\t\t\t\t\t\t\t\t\t\t<\/span>\n\t\t\t\t\t<\/button>\n\t\t\t\t<\/div>\n\t\t\t<\/div>\n\t\t<\/form>\n\t\t\t\t\t\t<\/div>\n\t\t\t\t<\/div>\n\t\t\t\t\t<\/div>\n\t\t\t\t<\/div>\n\t\t\t\t\t<\/div>\n\t\t\t\t<\/div>\n\t\t<div class=\"elementor-element elementor-element-e2176cf e-flex e-con-boxed e-con e-parent\" data-id=\"e2176cf\" data-element_type=\"container\" data-e-type=\"container\" data-settings=\"{&quot;background_background&quot;:&quot;classic&quot;}\">\n\t\t\t\t\t<div class=\"e-con-inner\">\n\t\t<div class=\"elementor-element elementor-element-a0e9824 e-con-full e-flex e-con e-child\" data-id=\"a0e9824\" data-element_type=\"container\" data-e-type=\"container\">\n\t\t<div class=\"elementor-element elementor-element-c99bbdb e-con-full e-flex e-con e-child\" data-id=\"c99bbdb\" data-element_type=\"container\" data-e-type=\"container\">\n\t\t\t\t<div class=\"elementor-element elementor-element-683eae4 elementor-position-inline-start elementor-mobile-position-inline-start elementor-view-default elementor-widget elementor-widget-icon-box\" data-id=\"683eae4\" data-element_type=\"widget\" data-e-type=\"widget\" data-widget_type=\"icon-box.default\">\n\t\t\t\t<div class=\"elementor-widget-container\">\n\t\t\t\t\t\t\t<div class=\"elementor-icon-box-wrapper\">\n\n\t\t\t\t\t\t<div class=\"elementor-icon-box-icon\">\n\t\t\t\t<a href=\"mailto:booking@daiahotels.com\" class=\"elementor-icon\" tabindex=\"-1\">\n\t\t\t\t<svg xmlns=\"http:\/\/www.w3.org\/2000\/svg\" id=\"Capa_1\" viewBox=\"0 0 23.78 16.82\"><path d=\"m2.03,0C.91,0,0,.91,0,2.03v12.76c0,1.12.91,2.03,2.03,2.03h19.72c1.12,0,2.03-.91,2.03-2.03V2.03c0-1.12-.91-2.03-2.03-2.03H2.03Zm0,.58h19.72c.36,0,.68.13.93.34l-9.77,8.49c-.63.54-1.44.54-2.07,0L1.1.92c.25-.21.57-.34.93-.34Zm-1.3.81l9.73,8.46c.82.72,2,.72,2.83,0L23.05,1.39c.1.19.15.41.15.64v12.76c0,.81-.64,1.45-1.45,1.45H2.03c-.81,0-1.45-.64-1.45-1.45V2.03c0-.23.06-.45.15-.64Z\" style=\"fill:#3d3935; stroke-width:0px;\"><\/path><\/svg>\t\t\t\t<\/a>\n\t\t\t<\/div>\n\t\t\t\n\t\t\t\t\t\t<div class=\"elementor-icon-box-content\">\n\n\t\t\t\t\n\t\t\t\t\t\t\t\t\t<p class=\"elementor-icon-box-description\">\n\t\t\t\t\t\tbooking@daiahotels.com\t\t\t\t\t<\/p>\n\t\t\t\t\n\t\t\t<\/div>\n\t\t\t\n\t\t<\/div>\n\t\t\t\t\t\t<\/div>\n\t\t\t\t<\/div>\n\t\t\t\t<div class=\"elementor-element elementor-element-55d947e elementor-position-inline-start elementor-mobile-position-inline-start elementor-view-default elementor-widget elementor-widget-icon-box\" data-id=\"55d947e\" data-element_type=\"widget\" data-e-type=\"widget\" data-widget_type=\"icon-box.default\">\n\t\t\t\t<div class=\"elementor-widget-container\">\n\t\t\t\t\t\t\t<div class=\"elementor-icon-box-wrapper\">\n\n\t\t\t\t\t\t<div class=\"elementor-icon-box-icon\">\n\t\t\t\t<a href=\"https:\/\/maps.app.goo.gl\/v3KqPdTLgxsJZsQP8\" target=\"_blank\" class=\"elementor-icon\" tabindex=\"-1\">\n\t\t\t\t<svg xmlns=\"http:\/\/www.w3.org\/2000\/svg\" id=\"Capa_1\" viewBox=\"0 0 16.64 26.24\"><path d=\"m8.32,0C3.75,0,0,3.39,0,8.32c0,1.81.75,4.15,1.52,5.59l6.52,12.16c.06.1.16.16.28.16s.22-.06.28-.16l6.52-12.16c.77-1.44,1.52-3.78,1.52-5.59C16.64,3.39,12.89,0,8.32,0Zm0,.64c4.26,0,7.68,3.07,7.68,7.68,0,1.63-.73,3.95-1.44,5.28l-6.24,11.64L2.08,13.6c-.71-1.33-1.44-3.65-1.44-5.28C.64,3.71,4.06.64,8.32.64Zm0,3.84c-2.12,0-3.84,1.72-3.84,3.84s1.72,3.84,3.84,3.84,3.84-1.72,3.84-3.84-1.72-3.84-3.84-3.84Zm0,.64c1.77,0,3.2,1.43,3.2,3.2s-1.43,3.2-3.2,3.2-3.2-1.43-3.2-3.2,1.43-3.2,3.2-3.2Z\" style=\"fill:#3d3935; stroke-width:0px;\"><\/path><\/svg>\t\t\t\t<\/a>\n\t\t\t<\/div>\n\t\t\t\n\t\t\t\t\t\t<div class=\"elementor-icon-box-content\">\n\n\t\t\t\t\n\t\t\t\t\t\t\t\t\t<p class=\"elementor-icon-box-description\">\n\t\t\t\t\t\tAfficher sur Google Maps\t\t\t\t\t<\/p>\n\t\t\t\t\n\t\t\t<\/div>\n\t\t\t\n\t\t<\/div>\n\t\t\t\t\t\t<\/div>\n\t\t\t\t<\/div>\n\t\t\t\t<\/div>\n\t\t\t\t<\/div>\n\t\t\t\t\t<\/div>\n\t\t\t\t<\/div>\n\t\t\t\t<\/div>\n\t\t","protected":false},"excerpt":{"rendered":"<p>Nous sommes l\u00e0pour r\u00e9pondre \u00e0toutes vos questions booking@daiahotels.com Afficher sur Google Maps<\/p>\n","protected":false},"author":3,"featured_media":0,"parent":0,"menu_order":0,"comment_status":"closed","ping_status":"closed","template":"","meta":{"_acf_changed":false,"inline_featured_image":false,"site-sidebar-layout":"no-sidebar","site-content-layout":"page-builder","ast-site-content-layout":"full-width-container","site-content-style":"default","site-sidebar-style":"default","ast-global-header-display":"","ast-banner-title-visibility":"","ast-main-header-display":"","ast-hfb-above-header-display":"","ast-hfb-below-header-display":"","ast-hfb-mobile-header-display":"","site-post-title":"disabled","ast-breadcrumbs-content":"","ast-featured-img":"disabled","footer-sml-layout":"","ast-disable-related-posts":"","theme-transparent-header-meta":"","adv-header-id-meta":"","stick-header-meta":"","header-above-stick-meta":"","header-main-stick-meta":"","header-below-stick-meta":"","astra-migrate-meta-layouts":"set","ast-page-background-enabled":"default","ast-page-background-meta":{"desktop":{"background-color":"var(--ast-global-color-4)","background-image":"","background-repeat":"repeat","background-position":"center center","background-size":"auto","background-attachment":"scroll","background-type":"","background-media":"","overlay-type":"","overlay-color":"","overlay-opacity":"","overlay-gradient":""},"tablet":{"background-color":"","background-image":"","background-repeat":"repeat","background-position":"center center","background-size":"auto","background-attachment":"scroll","background-type":"","background-media":"","overlay-type":"","overlay-color":"","overlay-opacity":"","overlay-gradient":""},"mobile":{"background-color":"","background-image":"","background-repeat":"repeat","background-position":"center center","background-size":"auto","background-attachment":"scroll","background-type":"","background-media":"","overlay-type":"","overlay-color":"","overlay-opacity":"","overlay-gradient":""}},"ast-content-background-meta":{"desktop":{"background-color":"var(--ast-global-color-5)","background-image":"","background-repeat":"repeat","background-position":"center center","background-size":"auto","background-attachment":"scroll","background-type":"","background-media":"","overlay-type":"","overlay-color":"","overlay-opacity":"","overlay-gradient":""},"tablet":{"background-color":"var(--ast-global-color-5)","background-image":"","background-repeat":"repeat","background-position":"center center","background-size":"auto","background-attachment":"scroll","background-type":"","background-media":"","overlay-type":"","overlay-color":"","overlay-opacity":"","overlay-gradient":""},"mobile":{"background-color":"var(--ast-global-color-5)","background-image":"","background-repeat":"repeat","background-position":"center center","background-size":"auto","background-attachment":"scroll","background-type":"","background-media":"","overlay-type":"","overlay-color":"","overlay-opacity":"","overlay-gradient":""}},"footnotes":""},"class_list":["post-21140","page","type-page","status-publish","hentry"],"acf":[],"yoast_head":"<!-- This site is optimized with the Yoast SEO plugin v27.0 - https:\/\/yoast.com\/product\/yoast-seo-wordpress\/ -->\n<title>Contactez notre \u00e9quipe, DAIA Slow Beach Hotels<\/title>\n<meta name=\"description\" content=\"Contactez DAIA Slow Beach Hotels - Nous allons vous aider avec tout ce dont vous avez besoin et r\u00e9pondre \u00e0 toutes vos questions.\" \/>\n<meta name=\"robots\" content=\"index, follow, max-snippet:-1, max-image-preview:large, max-video-preview:-1\" \/>\n<link rel=\"canonical\" href=\"https:\/\/www.daiahotels.com\/fr\/contacter\/\" \/>\n<meta property=\"og:locale\" content=\"fr_FR\" \/>\n<meta property=\"og:type\" content=\"article\" \/>\n<meta property=\"og:title\" content=\"Contactez notre \u00e9quipe, DAIA Slow Beach Hotels\" \/>\n<meta property=\"og:description\" content=\"Contactez DAIA Slow Beach Hotels - Nous allons vous aider avec tout ce dont vous avez besoin et r\u00e9pondre \u00e0 toutes vos questions.\" \/>\n<meta property=\"og:url\" content=\"https:\/\/www.daiahotels.com\/fr\/contacter\/\" \/>\n<meta property=\"og:site_name\" content=\"DAIA\" \/>\n<meta property=\"article:modified_time\" content=\"2026-04-28T07:47:36+00:00\" \/>\n<meta property=\"og:image\" content=\"https:\/\/www.daiahotels.com\/wp-content\/uploads\/2024\/07\/new-hero.jpg\" \/>\n\t<meta property=\"og:image:width\" content=\"1980\" \/>\n\t<meta property=\"og:image:height\" content=\"718\" \/>\n\t<meta property=\"og:image:type\" content=\"image\/jpeg\" \/>\n<meta name=\"twitter:card\" content=\"summary_large_image\" \/>\n<meta name=\"twitter:label1\" content=\"Dur\u00e9e de lecture estim\u00e9e\" \/>\n\t<meta name=\"twitter:data1\" content=\"1 minute\" \/>\n<!-- \/ Yoast SEO plugin. -->","yoast_head_json":{"title":"Contactez notre \u00e9quipe, DAIA Slow Beach Hotels","description":"Contactez DAIA Slow Beach Hotels - Nous allons vous aider avec tout ce dont vous avez besoin et r\u00e9pondre \u00e0 toutes vos questions.","robots":{"index":"index","follow":"follow","max-snippet":"max-snippet:-1","max-image-preview":"max-image-preview:large","max-video-preview":"max-video-preview:-1"},"canonical":"https:\/\/www.daiahotels.com\/fr\/contacter\/","og_locale":"fr_FR","og_type":"article","og_title":"Contactez notre \u00e9quipe, DAIA Slow Beach Hotels","og_description":"Contactez DAIA Slow Beach Hotels - Nous allons vous aider avec tout ce dont vous avez besoin et r\u00e9pondre \u00e0 toutes vos questions.","og_url":"https:\/\/www.daiahotels.com\/fr\/contacter\/","og_site_name":"DAIA","article_modified_time":"2026-04-28T07:47:36+00:00","og_image":[{"width":1980,"height":718,"url":"https:\/\/www.daiahotels.com\/wp-content\/uploads\/2024\/07\/new-hero.jpg","type":"image\/jpeg"}],"twitter_card":"summary_large_image","twitter_misc":{"Dur\u00e9e de lecture estim\u00e9e":"1 minute"},"schema":{"@context":"https:\/\/schema.org","@graph":[{"@type":"WebPage","@id":"https:\/\/www.daiahotels.com\/fr\/contacter\/","url":"https:\/\/www.daiahotels.com\/fr\/contacter\/","name":"Contactez notre \u00e9quipe, DAIA Slow Beach Hotels","isPartOf":{"@id":"https:\/\/www.daiahotels.com\/fr\/#website"},"datePublished":"2024-07-08T10:00:01+00:00","dateModified":"2026-04-28T07:47:36+00:00","description":"Contactez DAIA Slow Beach Hotels - Nous allons vous aider avec tout ce dont vous avez besoin et r\u00e9pondre \u00e0 toutes vos questions.","breadcrumb":{"@id":"https:\/\/www.daiahotels.com\/fr\/contacter\/#breadcrumb"},"inLanguage":"fr-FR","potentialAction":[{"@type":"ReadAction","target":["https:\/\/www.daiahotels.com\/fr\/contacter\/"]}]},{"@type":"BreadcrumbList","@id":"https:\/\/www.daiahotels.com\/fr\/contacter\/#breadcrumb","itemListElement":[{"@type":"ListItem","position":1,"name":"Home","item":"https:\/\/www.daiahotels.com\/fr\/"},{"@type":"ListItem","position":2,"name":"Contacter"}]},{"@type":"WebSite","@id":"https:\/\/www.daiahotels.com\/fr\/#website","url":"https:\/\/www.daiahotels.com\/fr\/","name":"DAIA","description":"","publisher":{"@id":"https:\/\/www.daiahotels.com\/fr\/#organization"},"potentialAction":[{"@type":"SearchAction","target":{"@type":"EntryPoint","urlTemplate":"https:\/\/www.daiahotels.com\/fr\/?s={search_term_string}"},"query-input":{"@type":"PropertyValueSpecification","valueRequired":true,"valueName":"search_term_string"}}],"inLanguage":"fr-FR"},{"@type":"Organization","@id":"https:\/\/www.daiahotels.com\/fr\/#organization","name":"DAIA Slow Beach Hotel Conil de la Frontera","url":"https:\/\/www.daiahotels.com\/fr\/","logo":{"@type":"ImageObject","inLanguage":"fr-FR","@id":"https:\/\/www.daiahotels.com\/fr\/#\/schema\/logo\/image\/","url":"https:\/\/www.daiahotels.com\/wp-content\/uploads\/2022\/05\/daia-conil-ok-mono-scaled.jpg","contentUrl":"https:\/\/www.daiahotels.com\/wp-content\/uploads\/2022\/05\/daia-conil-ok-mono-scaled.jpg","width":2560,"height":2560,"caption":"DAIA Slow Beach Hotel Conil de la Frontera"},"image":{"@id":"https:\/\/www.daiahotels.com\/fr\/#\/schema\/logo\/image\/"}}]}},"_links":{"self":[{"href":"https:\/\/www.daiahotels.com\/fr\/wp-json\/wp\/v2\/pages\/21140","targetHints":{"allow":["GET"]}}],"collection":[{"href":"https:\/\/www.daiahotels.com\/fr\/wp-json\/wp\/v2\/pages"}],"about":[{"href":"https:\/\/www.daiahotels.com\/fr\/wp-json\/wp\/v2\/types\/page"}],"author":[{"embeddable":true,"href":"https:\/\/www.daiahotels.com\/fr\/wp-json\/wp\/v2\/users\/3"}],"replies":[{"embeddable":true,"href":"https:\/\/www.daiahotels.com\/fr\/wp-json\/wp\/v2\/comments?post=21140"}],"version-history":[{"count":3,"href":"https:\/\/www.daiahotels.com\/fr\/wp-json\/wp\/v2\/pages\/21140\/revisions"}],"predecessor-version":[{"id":38266,"href":"https:\/\/www.daiahotels.com\/fr\/wp-json\/wp\/v2\/pages\/21140\/revisions\/38266"}],"wp:attachment":[{"href":"https:\/\/www.daiahotels.com\/fr\/wp-json\/wp\/v2\/media?parent=21140"}],"curies":[{"name":"wp","href":"https:\/\/api.w.org\/{rel}","templated":true}]}}