{"id":37167,"date":"2026-04-08T11:14:54","date_gmt":"2026-04-08T09:14:54","guid":{"rendered":"https:\/\/www.daiahotels.com\/day-pass\/"},"modified":"2026-04-16T15:14:48","modified_gmt":"2026-04-16T13:14:48","slug":"day-pass","status":"publish","type":"page","link":"https:\/\/www.daiahotels.com\/de\/day-pass\/","title":{"rendered":"Day Pass"},"content":{"rendered":"\t\t<div data-elementor-type=\"wp-page\" data-elementor-id=\"37167\" class=\"elementor elementor-37167 elementor-37155\" data-elementor-post-type=\"page\">\n\t\t\t\t<div class=\"elementor-element elementor-element-635dae2 dh_home_hero e-con-full e-flex e-con e-parent\" data-id=\"635dae2\" data-element_type=\"container\" data-e-type=\"container\" data-settings=\"{&quot;background_background&quot;:&quot;classic&quot;}\">\n\t\t\t\t<div class=\"elementor-element elementor-element-4a29d63 elementor-widget-tablet__width-initial elementor-widget elementor-widget-heading\" data-id=\"4a29d63\" data-element_type=\"widget\" data-e-type=\"widget\" data-widget_type=\"heading.default\">\n\t\t\t\t<div class=\"elementor-widget-container\">\n\t\t\t\t\t<h2 class=\"elementor-heading-title elementor-size-default\">Day Pass<\/h2>\t\t\t\t<\/div>\n\t\t\t\t<\/div>\n\t\t\t\t<\/div>\n\t\t<div class=\"elementor-element elementor-element-ab9f25e e-flex e-con-boxed e-con e-parent\" data-id=\"ab9f25e\" data-element_type=\"container\" data-e-type=\"container\" data-settings=\"{&quot;background_background&quot;:&quot;gradient&quot;}\">\n\t\t\t\t\t<div class=\"e-con-inner\">\n\t\t<div class=\"elementor-element elementor-element-cfe9b11 e-flex e-con-boxed e-con e-child\" data-id=\"cfe9b11\" data-element_type=\"container\" data-e-type=\"container\" data-settings=\"{&quot;background_background&quot;:&quot;classic&quot;}\">\n\t\t\t\t\t<div class=\"e-con-inner\">\n\t\t\t\t<div class=\"elementor-element elementor-element-7d4dd64 elementor-widget elementor-widget-heading\" data-id=\"7d4dd64\" data-element_type=\"widget\" data-e-type=\"widget\" data-widget_type=\"heading.default\">\n\t\t\t\t<div class=\"elementor-widget-container\">\n\t\t\t\t\t<h3 class=\"elementor-heading-title elementor-size-default\">Ein Tag, um ohne Eile zu <i>genie\u00dfen<\/i><\/h3>\t\t\t\t<\/div>\n\t\t\t\t<\/div>\n\t\t\t\t<div class=\"elementor-element elementor-element-ea2b1f8 elementor-widget-mobile__width-inherit elementor-widget__width-initial elementor-widget elementor-widget-text-editor\" data-id=\"ea2b1f8\" data-element_type=\"widget\" data-e-type=\"widget\" data-widget_type=\"text-editor.default\">\n\t\t\t\t<div class=\"elementor-widget-container\">\n\t\t\t\t\t\t\t\t\t<p>Erleben Sie die Essenz des \u201eSlow Movement\u201c ab <strong>59 \u20ac pro Paar<\/strong> auf unseren Sonnenliegen am Pool oder mit Blick aufs Meer. Lassen Sie warmes Licht, eine sanfte Brise und das Rauschen des Wassers die perfekte Atmosph\u00e4re schaffen, um sich wieder mit sich selbst zu verbinden, tief durchzuatmen und einfach zu sein.<\/p>\t\t\t\t\t\t\t\t<\/div>\n\t\t\t\t<\/div>\n\t\t\t\t\t<\/div>\n\t\t\t\t<\/div>\n\t\t<div class=\"elementor-element elementor-element-51e8502 e-con-full e-flex e-con e-child\" data-id=\"51e8502\" data-element_type=\"container\" data-e-type=\"container\" data-settings=\"{&quot;background_background&quot;:&quot;classic&quot;}\">\n\t\t<div class=\"elementor-element elementor-element-4a4d7fc e-con-full e-flex e-con e-child\" data-id=\"4a4d7fc\" data-element_type=\"container\" data-e-type=\"container\">\n\t\t\t\t<div class=\"elementor-element elementor-element-c3fabf9 elementor-widget elementor-widget-html\" data-id=\"c3fabf9\" data-element_type=\"widget\" data-e-type=\"widget\" data-widget_type=\"html.default\">\n\t\t\t\t<div class=\"elementor-widget-container\">\n\t\t\t\t\t<script src=\"https:\/\/www.transfersandexperiences.com\/additional-services\/iframe-tye-script.js\"><\/script><iframe id=\"iframe_booking\" src=\"https:\/\/www.transfersandexperiences.com\/additional-services\/view?product_id=115&type=sidebar-product&mode=portrait&code=M3LGacIqujvH&lang=de\" allowfullscreen=\"\"style=\"border-radius: 20px;max-height: 450px;\" width=\"100%\" height=\"600px\" frameborder=\"0\"><\/iframe>\t\t\t\t<\/div>\n\t\t\t\t<\/div>\n\t\t\t\t<\/div>\n\t\t<div class=\"elementor-element elementor-element-60c021d e-con-full e-flex e-con e-child\" data-id=\"60c021d\" data-element_type=\"container\" data-e-type=\"container\">\n\t\t\t\t<div class=\"elementor-element elementor-element-dc1e077 elementor-widget__width-initial elementor-icon-list--layout-traditional elementor-list-item-link-full_width elementor-widget elementor-widget-icon-list\" data-id=\"dc1e077\" data-element_type=\"widget\" data-e-type=\"widget\" data-widget_type=\"icon-list.default\">\n\t\t\t\t<div class=\"elementor-widget-container\">\n\t\t\t\t\t\t\t<ul class=\"elementor-icon-list-items\">\n\t\t\t\t\t\t\t<li class=\"elementor-icon-list-item\">\n\t\t\t\t\t\t\t\t\t\t\t<span class=\"elementor-icon-list-icon\">\n\t\t\t\t\t\t\t<i aria-hidden=\"true\" class=\"far fa-clock\"><\/i>\t\t\t\t\t\t<\/span>\n\t\t\t\t\t\t\t\t\t\t<span class=\"elementor-icon-list-text\">\u00d6ffnungszeiten: 11:00 \u2013 19:00 Uhr.<\/span>\n\t\t\t\t\t\t\t\t\t<\/li>\n\t\t\t\t\t\t\t\t<li class=\"elementor-icon-list-item\">\n\t\t\t\t\t\t\t\t\t\t\t<span class=\"elementor-icon-list-icon\">\n\t\t\t\t\t\t\t<i aria-hidden=\"true\" class=\"far fa-credit-card\"><\/i>\t\t\t\t\t\t<\/span>\n\t\t\t\t\t\t\t\t\t\t<span class=\"elementor-icon-list-text\"><b>Inklusive 40 \u20ac <\/b>Getr\u00e4nkeguthaben zur Einl\u00f6sung an unserer Siesta Bar oder im Restaurant Salamar.<\/span>\n\t\t\t\t\t\t\t\t\t<\/li>\n\t\t\t\t\t\t\t\t<li class=\"elementor-icon-list-item\">\n\t\t\t\t\t\t\t\t\t\t\t<span class=\"elementor-icon-list-icon\">\n\t\t\t\t\t\t\t<i aria-hidden=\"true\" class=\"fas fa-user-friends\"><\/i>\t\t\t\t\t\t<\/span>\n\t\t\t\t\t\t\t\t\t\t<span class=\"elementor-icon-list-text\"><b>Auch f\u00fcr externe G\u00e4ste verf\u00fcgbar.<\/b><\/span>\n\t\t\t\t\t\t\t\t\t<\/li>\n\t\t\t\t\t\t<\/ul>\n\t\t\t\t\t\t<\/div>\n\t\t\t\t<\/div>\n\t\t\t\t<\/div>\n\t\t\t\t<\/div>\n\t\t<div class=\"elementor-element elementor-element-e74070d e-con-full e-flex e-con e-child\" data-id=\"e74070d\" data-element_type=\"container\" data-e-type=\"container\" data-settings=\"{&quot;background_background&quot;:&quot;classic&quot;}\">\n\t\t\t\t<div class=\"elementor-element elementor-element-146dde0 elementor-widget elementor-widget-image-carousel\" data-id=\"146dde0\" data-element_type=\"widget\" data-e-type=\"widget\" data-settings=\"{&quot;navigation&quot;:&quot;none&quot;,&quot;autoplay&quot;:&quot;yes&quot;,&quot;pause_on_hover&quot;:&quot;yes&quot;,&quot;pause_on_interaction&quot;:&quot;yes&quot;,&quot;autoplay_speed&quot;:5000,&quot;infinite&quot;:&quot;yes&quot;,&quot;speed&quot;:500,&quot;image_spacing_custom&quot;:{&quot;unit&quot;:&quot;px&quot;,&quot;size&quot;:20,&quot;sizes&quot;:[]},&quot;image_spacing_custom_tablet&quot;:{&quot;unit&quot;:&quot;px&quot;,&quot;size&quot;:&quot;&quot;,&quot;sizes&quot;:[]},&quot;image_spacing_custom_mobile&quot;:{&quot;unit&quot;:&quot;px&quot;,&quot;size&quot;:&quot;&quot;,&quot;sizes&quot;:[]}}\" data-widget_type=\"image-carousel.default\">\n\t\t\t\t<div class=\"elementor-widget-container\">\n\t\t\t\t\t\t\t<div class=\"elementor-image-carousel-wrapper swiper\" role=\"region\" aria-roledescription=\"carousel\" aria-label=\"Carrusel de im\u00e1genes\" dir=\"ltr\">\n\t\t\t<div class=\"elementor-image-carousel swiper-wrapper\" aria-live=\"off\">\n\t\t\t\t\t\t\t\t<div class=\"swiper-slide\" role=\"group\" aria-roledescription=\"slide\" aria-label=\"1 von 3\"><figure class=\"swiper-slide-inner\"><img decoding=\"async\" class=\"swiper-slide-image\" src=\"https:\/\/www.daiahotels.com\/wp-content\/uploads\/2026\/04\/dh-ads-daypass-carrusel-3.jpg\" alt=\"dh-ads-daypass-carrusel-3\" \/><\/figure><\/div><div class=\"swiper-slide\" role=\"group\" aria-roledescription=\"slide\" aria-label=\"2 von 3\"><figure class=\"swiper-slide-inner\"><img decoding=\"async\" class=\"swiper-slide-image\" src=\"https:\/\/www.daiahotels.com\/wp-content\/uploads\/2026\/04\/dh-ads-daypass-carrusel-2.jpg\" alt=\"dh-ads-daypass-carrusel-2\" \/><\/figure><\/div><div class=\"swiper-slide\" role=\"group\" aria-roledescription=\"slide\" aria-label=\"3 von 3\"><figure class=\"swiper-slide-inner\"><img decoding=\"async\" class=\"swiper-slide-image\" src=\"https:\/\/www.daiahotels.com\/wp-content\/uploads\/2026\/04\/dh-ads-daypass-carrusel-1.jpg\" alt=\"dh-ads-daypass-carrusel-1\" \/><\/figure><\/div>\t\t\t<\/div>\n\t\t\t\t\t\t\t\n\t\t\t\t\t\t\t\t\t<\/div>\n\t\t\t\t\t\t<\/div>\n\t\t\t\t<\/div>\n\t\t\t\t<\/div>\n\t\t\t\t\t<\/div>\n\t\t\t\t<\/div>\n\t\t\t\t<\/div>\n\t\t","protected":false},"excerpt":{"rendered":"<p>Day Pass Ein Tag, um ohne Eile zu genie\u00dfen Erleben Sie die Essenz des \u201eSlow Movement\u201c ab 59 \u20ac pro Paar auf unseren Sonnenliegen am Pool oder mit Blick aufs Meer. Lassen Sie warmes Licht, eine sanfte Brise und das Rauschen des Wassers die perfekte Atmosph\u00e4re schaffen, um sich wieder mit sich selbst zu verbinden, [&hellip;]<\/p>\n","protected":false},"author":6,"featured_media":0,"parent":0,"menu_order":0,"comment_status":"closed","ping_status":"closed","template":"","meta":{"_acf_changed":false,"inline_featured_image":false,"site-sidebar-layout":"no-sidebar","site-content-layout":"page-builder","ast-site-content-layout":"full-width-container","site-content-style":"default","site-sidebar-style":"default","ast-global-header-display":"","ast-banner-title-visibility":"","ast-main-header-display":"","ast-hfb-above-header-display":"","ast-hfb-below-header-display":"","ast-hfb-mobile-header-display":"","site-post-title":"disabled","ast-breadcrumbs-content":"","ast-featured-img":"disabled","footer-sml-layout":"","ast-disable-related-posts":"","theme-transparent-header-meta":"","adv-header-id-meta":"","stick-header-meta":"","header-above-stick-meta":"","header-main-stick-meta":"","header-below-stick-meta":"","astra-migrate-meta-layouts":"set","ast-page-background-enabled":"default","ast-page-background-meta":{"desktop":{"background-color":"var(--ast-global-color-4)","background-image":"","background-repeat":"repeat","background-position":"center center","background-size":"auto","background-attachment":"scroll","background-type":"","background-media":"","overlay-type":"","overlay-color":"","overlay-opacity":"","overlay-gradient":""},"tablet":{"background-color":"","background-image":"","background-repeat":"repeat","background-position":"center center","background-size":"auto","background-attachment":"scroll","background-type":"","background-media":"","overlay-type":"","overlay-color":"","overlay-opacity":"","overlay-gradient":""},"mobile":{"background-color":"","background-image":"","background-repeat":"repeat","background-position":"center center","background-size":"auto","background-attachment":"scroll","background-type":"","background-media":"","overlay-type":"","overlay-color":"","overlay-opacity":"","overlay-gradient":""}},"ast-content-background-meta":{"desktop":{"background-color":"var(--ast-global-color-5)","background-image":"","background-repeat":"repeat","background-position":"center center","background-size":"auto","background-attachment":"scroll","background-type":"","background-media":"","overlay-type":"","overlay-color":"","overlay-opacity":"","overlay-gradient":""},"tablet":{"background-color":"var(--ast-global-color-5)","background-image":"","background-repeat":"repeat","background-position":"center center","background-size":"auto","background-attachment":"scroll","background-type":"","background-media":"","overlay-type":"","overlay-color":"","overlay-opacity":"","overlay-gradient":""},"mobile":{"background-color":"var(--ast-global-color-5)","background-image":"","background-repeat":"repeat","background-position":"center center","background-size":"auto","background-attachment":"scroll","background-type":"","background-media":"","overlay-type":"","overlay-color":"","overlay-opacity":"","overlay-gradient":""}},"footnotes":""},"class_list":["post-37167","page","type-page","status-publish","hentry"],"acf":[],"yoast_head":"<!-- This site is optimized with the Yoast SEO plugin v27.0 - https:\/\/yoast.com\/product\/yoast-seo-wordpress\/ -->\n<title>DAIA Day Pass: Ein Tag, um ohne Eile zu genie\u00dfen<\/title>\n<meta name=\"description\" content=\"G\u00f6nnen Sie sich einen Tag im DAIA. Pool, Meerblick und Slow Living in ruhiger, adults-recommended Atmosph\u00e4re. Buchen Sie jetzt Ihre Day Pass!\" \/>\n<meta name=\"robots\" content=\"noindex, nofollow\" \/>\n<meta property=\"og:locale\" content=\"de_DE\" \/>\n<meta property=\"og:type\" content=\"article\" \/>\n<meta property=\"og:title\" content=\"DAIA Day Pass: Ein Tag, um ohne Eile zu genie\u00dfen\" \/>\n<meta property=\"og:description\" content=\"G\u00f6nnen Sie sich einen Tag im DAIA. Pool, Meerblick und Slow Living in ruhiger, adults-recommended Atmosph\u00e4re. Buchen Sie jetzt Ihre Day Pass!\" \/>\n<meta property=\"og:url\" content=\"https:\/\/www.daiahotels.com\/de\/day-pass\/\" \/>\n<meta property=\"og:site_name\" content=\"DAIA\" \/>\n<meta property=\"article:modified_time\" content=\"2026-04-16T13:14:48+00:00\" \/>\n<meta property=\"og:image\" content=\"https:\/\/www.daiahotels.com\/wp-content\/uploads\/2026\/04\/dh-ads-daypass-carrusel-3.jpg\" \/>\n<meta name=\"twitter:card\" content=\"summary_large_image\" \/>\n<meta name=\"twitter:label1\" content=\"Gesch\u00e4tzte Lesezeit\" \/>\n\t<meta name=\"twitter:data1\" content=\"1\u00a0Minute\" \/>\n<!-- \/ Yoast SEO plugin. -->","yoast_head_json":{"title":"DAIA Day Pass: Ein Tag, um ohne Eile zu genie\u00dfen","description":"G\u00f6nnen Sie sich einen Tag im DAIA. Pool, Meerblick und Slow Living in ruhiger, adults-recommended Atmosph\u00e4re. Buchen Sie jetzt Ihre Day Pass!","robots":{"index":"noindex","follow":"nofollow"},"og_locale":"de_DE","og_type":"article","og_title":"DAIA Day Pass: Ein Tag, um ohne Eile zu genie\u00dfen","og_description":"G\u00f6nnen Sie sich einen Tag im DAIA. Pool, Meerblick und Slow Living in ruhiger, adults-recommended Atmosph\u00e4re. Buchen Sie jetzt Ihre Day Pass!","og_url":"https:\/\/www.daiahotels.com\/de\/day-pass\/","og_site_name":"DAIA","article_modified_time":"2026-04-16T13:14:48+00:00","og_image":[{"url":"https:\/\/www.daiahotels.com\/wp-content\/uploads\/2026\/04\/dh-ads-daypass-carrusel-3.jpg","type":"","width":"","height":""}],"twitter_card":"summary_large_image","twitter_misc":{"Gesch\u00e4tzte Lesezeit":"1\u00a0Minute"},"schema":{"@context":"https:\/\/schema.org","@graph":[{"@type":"WebPage","@id":"https:\/\/www.daiahotels.com\/de\/day-pass\/","url":"https:\/\/www.daiahotels.com\/de\/day-pass\/","name":"DAIA Day Pass: Ein Tag, um ohne Eile zu genie\u00dfen","isPartOf":{"@id":"https:\/\/www.daiahotels.com\/de\/#website"},"primaryImageOfPage":{"@id":"https:\/\/www.daiahotels.com\/de\/day-pass\/#primaryimage"},"image":{"@id":"https:\/\/www.daiahotels.com\/de\/day-pass\/#primaryimage"},"thumbnailUrl":"https:\/\/www.daiahotels.com\/wp-content\/uploads\/2026\/04\/dh-ads-daypass-carrusel-3.jpg","datePublished":"2026-04-08T09:14:54+00:00","dateModified":"2026-04-16T13:14:48+00:00","description":"G\u00f6nnen Sie sich einen Tag im DAIA. Pool, Meerblick und Slow Living in ruhiger, adults-recommended Atmosph\u00e4re. Buchen Sie jetzt Ihre Day Pass!","breadcrumb":{"@id":"https:\/\/www.daiahotels.com\/de\/day-pass\/#breadcrumb"},"inLanguage":"de","potentialAction":[{"@type":"ReadAction","target":["https:\/\/www.daiahotels.com\/de\/day-pass\/"]}]},{"@type":"ImageObject","inLanguage":"de","@id":"https:\/\/www.daiahotels.com\/de\/day-pass\/#primaryimage","url":"https:\/\/www.daiahotels.com\/wp-content\/uploads\/2026\/04\/dh-ads-daypass-carrusel-3.jpg","contentUrl":"https:\/\/www.daiahotels.com\/wp-content\/uploads\/2026\/04\/dh-ads-daypass-carrusel-3.jpg"},{"@type":"BreadcrumbList","@id":"https:\/\/www.daiahotels.com\/de\/day-pass\/#breadcrumb","itemListElement":[{"@type":"ListItem","position":1,"name":"Home","item":"https:\/\/www.daiahotels.com\/de\/"},{"@type":"ListItem","position":2,"name":"Day Pass"}]},{"@type":"WebSite","@id":"https:\/\/www.daiahotels.com\/de\/#website","url":"https:\/\/www.daiahotels.com\/de\/","name":"DAIA","description":"","publisher":{"@id":"https:\/\/www.daiahotels.com\/de\/#organization"},"potentialAction":[{"@type":"SearchAction","target":{"@type":"EntryPoint","urlTemplate":"https:\/\/www.daiahotels.com\/de\/?s={search_term_string}"},"query-input":{"@type":"PropertyValueSpecification","valueRequired":true,"valueName":"search_term_string"}}],"inLanguage":"de"},{"@type":"Organization","@id":"https:\/\/www.daiahotels.com\/de\/#organization","name":"DAIA Slow Beach Hotel Conil de la Frontera","url":"https:\/\/www.daiahotels.com\/de\/","logo":{"@type":"ImageObject","inLanguage":"de","@id":"https:\/\/www.daiahotels.com\/de\/#\/schema\/logo\/image\/","url":"https:\/\/www.daiahotels.com\/wp-content\/uploads\/2022\/05\/daia-conil-ok-mono-scaled.jpg","contentUrl":"https:\/\/www.daiahotels.com\/wp-content\/uploads\/2022\/05\/daia-conil-ok-mono-scaled.jpg","width":2560,"height":2560,"caption":"DAIA Slow Beach Hotel Conil de la Frontera"},"image":{"@id":"https:\/\/www.daiahotels.com\/de\/#\/schema\/logo\/image\/"}}]}},"_links":{"self":[{"href":"https:\/\/www.daiahotels.com\/de\/wp-json\/wp\/v2\/pages\/37167","targetHints":{"allow":["GET"]}}],"collection":[{"href":"https:\/\/www.daiahotels.com\/de\/wp-json\/wp\/v2\/pages"}],"about":[{"href":"https:\/\/www.daiahotels.com\/de\/wp-json\/wp\/v2\/types\/page"}],"author":[{"embeddable":true,"href":"https:\/\/www.daiahotels.com\/de\/wp-json\/wp\/v2\/users\/6"}],"replies":[{"embeddable":true,"href":"https:\/\/www.daiahotels.com\/de\/wp-json\/wp\/v2\/comments?post=37167"}],"version-history":[{"count":11,"href":"https:\/\/www.daiahotels.com\/de\/wp-json\/wp\/v2\/pages\/37167\/revisions"}],"predecessor-version":[{"id":37620,"href":"https:\/\/www.daiahotels.com\/de\/wp-json\/wp\/v2\/pages\/37167\/revisions\/37620"}],"wp:attachment":[{"href":"https:\/\/www.daiahotels.com\/de\/wp-json\/wp\/v2\/media?parent=37167"}],"curies":[{"name":"wp","href":"https:\/\/api.w.org\/{rel}","templated":true}]}}