{"id":33606,"date":"2026-01-19T12:38:29","date_gmt":"2026-01-19T11:38:29","guid":{"rendered":"https:\/\/www.daiahotels.com\/elige-tu-habitacion\/"},"modified":"2026-03-27T09:59:21","modified_gmt":"2026-03-27T08:59:21","slug":"wahlen-sie-ihr-zimmer","status":"publish","type":"page","link":"https:\/\/www.daiahotels.com\/de\/wahlen-sie-ihr-zimmer\/","title":{"rendered":"W\u00e4hlen sie ihr Zimmer"},"content":{"rendered":"\t\t<div data-elementor-type=\"wp-page\" data-elementor-id=\"33606\" class=\"elementor elementor-33606 elementor-33481\" data-elementor-post-type=\"page\">\n\t\t\t\t<div class=\"elementor-element elementor-element-c9d83b5 dh_home_hero e-con-full e-flex e-con e-parent\" data-id=\"c9d83b5\" data-element_type=\"container\" data-e-type=\"container\" data-settings=\"{&quot;background_background&quot;:&quot;classic&quot;}\">\n\t\t\t\t<div class=\"elementor-element elementor-element-8ca0923 elementor-widget-mobile__width-initial elementor-widget elementor-widget-text-editor\" data-id=\"8ca0923\" data-element_type=\"widget\" data-e-type=\"widget\" data-widget_type=\"text-editor.default\">\n\t\t\t\t<div class=\"elementor-widget-container\">\n\t\t\t\t\t\t\t\t\tSetzen sie sich nicht mit dem standard zufrieden, gehen sie dar\u00fcber hinaus\t\t\t\t\t\t\t\t<\/div>\n\t\t\t\t<\/div>\n\t\t\t\t<div class=\"elementor-element elementor-element-97e1b77 elementor-widget-tablet__width-initial elementor-widget elementor-widget-heading\" data-id=\"97e1b77\" data-element_type=\"widget\" data-e-type=\"widget\" data-widget_type=\"heading.default\">\n\t\t\t\t<div class=\"elementor-widget-container\">\n\t\t\t\t\t<h2 class=\"elementor-heading-title elementor-size-default\">W\u00e4hlen sie ihr Zimmer<\/h2>\t\t\t\t<\/div>\n\t\t\t\t<\/div>\n\t\t\t\t<\/div>\n\t\t<div class=\"elementor-element elementor-element-28dd08d e-flex e-con-boxed e-con e-parent\" data-id=\"28dd08d\" data-element_type=\"container\" data-e-type=\"container\">\n\t\t\t\t\t<div class=\"e-con-inner\">\n\t\t<div class=\"elementor-element elementor-element-f97eae4 e-flex e-con-boxed e-con e-child\" data-id=\"f97eae4\" data-element_type=\"container\" data-e-type=\"container\" data-settings=\"{&quot;background_background&quot;:&quot;classic&quot;}\">\n\t\t\t\t\t<div class=\"e-con-inner\">\n\t\t\t\t<div class=\"elementor-element elementor-element-22cc723 elementor-widget-mobile__width-inherit elementor-widget elementor-widget-text-editor\" data-id=\"22cc723\" data-element_type=\"widget\" data-e-type=\"widget\" data-widget_type=\"text-editor.default\">\n\t\t\t\t<div class=\"elementor-widget-container\">\n\t\t\t\t\t\t\t\t\t<p>Warum sich mit dem Grundlegenden zufriedengeben, wenn Sie von Anfang an Ihren Aufenthalt individuell gestalten k\u00f6nnen?<\/p>\n<p>Gestalten Sie Ihren Aufenthalt nach Ma\u00df. Von der Ruhe der oberen Etagen bis hin zum perfekten R\u00fcckzugsort\u2026 Bei DAIA entscheiden Sie, wo Ihre Erholung beginnt.<\/p>\n<p>Wenn Sie bereits reserviert haben, <b>k\u00f6nnen Sie Ihre genaue Zimmernummer selbst w\u00e4hlen<\/b>.<\/p>\t\t\t\t\t\t\t\t<\/div>\n\t\t\t\t<\/div>\n\t\t\t\t\t<\/div>\n\t\t\t\t<\/div>\n\t\t\t\t<div class=\"elementor-element elementor-element-e96610f elementor-widget elementor-widget-html\" data-id=\"e96610f\" data-element_type=\"widget\" data-e-type=\"widget\" data-widget_type=\"html.default\">\n\t\t\t\t<div class=\"elementor-widget-container\">\n\t\t\t\t\t<div style=\"max-width: 1200px; margin: 0px auto\">\n<div\nid=\"hv\"\ndata-hvhotelid=\"628\"\ndata-hvclientid=\"7\"\ndata-hvproduct=\"ChooseYourRoom\"\ndata-hvlanguage=\"de\"\ndata-hvcurrency=\"EUR\"\ndata-hvchooseformmode=\"0\"\ndata-hvcommandsinterface=\"e30=\"\ndata-hvaccesstokenhv=\"eyJzaWduYXR1cmUiOiIzOGRhZmYwMmU5Njg4NDUzM2Y4N2M2YmM3NWJlMWM2ODM5ZTU1OTI3YTBhZGM1MjYzMzkyMDhiMjA3MGMxMDVlODBlYjViNmI5MjE4NDYwNmViNWZhNmQ4NGQzMTIyNGFkZWRlZTVkYWJiNmI4YmNmMGViM2I4OGZmN2MyODBlNyIsInRpbWVzdGFtcCI6MjIxMDIzNDQwMH0=\">\n<\/div>\n<script src=\"https:\/\/cdn.hotelverse.tech\/scripts\/embed.js\"><\/script>\n<script src=\"https:\/\/cdn.hotelverse.tech\/scripts\/interfaceListener.js\"><\/script>\n<\/div> \t\t\t\t<\/div>\n\t\t\t\t<\/div>\n\t\t\t\t\t<\/div>\n\t\t\t\t<\/div>\n\t\t\t\t<\/div>\n\t\t","protected":false},"excerpt":{"rendered":"<p>Setzen sie sich nicht mit dem standard zufrieden, gehen sie dar\u00fcber hinaus W\u00e4hlen sie ihr Zimmer Warum sich mit dem Grundlegenden zufriedengeben, wenn Sie von Anfang an Ihren Aufenthalt individuell gestalten k\u00f6nnen? Gestalten Sie Ihren Aufenthalt nach Ma\u00df. Von der Ruhe der oberen Etagen bis hin zum perfekten R\u00fcckzugsort\u2026 Bei DAIA entscheiden Sie, wo Ihre [&hellip;]<\/p>\n","protected":false},"author":3,"featured_media":0,"parent":0,"menu_order":0,"comment_status":"closed","ping_status":"closed","template":"","meta":{"_acf_changed":false,"inline_featured_image":false,"site-sidebar-layout":"no-sidebar","site-content-layout":"page-builder","ast-site-content-layout":"full-width-container","site-content-style":"default","site-sidebar-style":"default","ast-global-header-display":"","ast-banner-title-visibility":"","ast-main-header-display":"","ast-hfb-above-header-display":"","ast-hfb-below-header-display":"","ast-hfb-mobile-header-display":"","site-post-title":"disabled","ast-breadcrumbs-content":"","ast-featured-img":"disabled","footer-sml-layout":"","ast-disable-related-posts":"","theme-transparent-header-meta":"","adv-header-id-meta":"","stick-header-meta":"","header-above-stick-meta":"","header-main-stick-meta":"","header-below-stick-meta":"","astra-migrate-meta-layouts":"set","ast-page-background-enabled":"default","ast-page-background-meta":{"desktop":{"background-color":"var(--ast-global-color-4)","background-image":"","background-repeat":"repeat","background-position":"center center","background-size":"auto","background-attachment":"scroll","background-type":"","background-media":"","overlay-type":"","overlay-color":"","overlay-gradient":""},"tablet":{"background-color":"","background-image":"","background-repeat":"repeat","background-position":"center center","background-size":"auto","background-attachment":"scroll","background-type":"","background-media":"","overlay-type":"","overlay-color":"","overlay-gradient":""},"mobile":{"background-color":"","background-image":"","background-repeat":"repeat","background-position":"center center","background-size":"auto","background-attachment":"scroll","background-type":"","background-media":"","overlay-type":"","overlay-color":"","overlay-gradient":""}},"ast-content-background-meta":{"desktop":{"background-color":"var(--ast-global-color-5)","background-image":"","background-repeat":"repeat","background-position":"center center","background-size":"auto","background-attachment":"scroll","background-type":"","background-media":"","overlay-type":"","overlay-color":"","overlay-gradient":""},"tablet":{"background-color":"var(--ast-global-color-5)","background-image":"","background-repeat":"repeat","background-position":"center center","background-size":"auto","background-attachment":"scroll","background-type":"","background-media":"","overlay-type":"","overlay-color":"","overlay-gradient":""},"mobile":{"background-color":"var(--ast-global-color-5)","background-image":"","background-repeat":"repeat","background-position":"center center","background-size":"auto","background-attachment":"scroll","background-type":"","background-media":"","overlay-type":"","overlay-color":"","overlay-gradient":""}},"footnotes":""},"class_list":["post-33606","page","type-page","status-publish","hentry"],"acf":[],"yoast_head":"<!-- This site is optimized with the Yoast SEO plugin v27.0 - https:\/\/yoast.com\/product\/yoast-seo-wordpress\/ -->\n<title>W\u00e4hlen sie ihr Zimmer, DAIA Slow Beach Hotel Conil<\/title>\n<meta name=\"description\" content=\"W\u00e4hlen Sie Ihr Zimmer im DAIA Conil Hotel: Gestalten Sie Ihren Aufenthalt nach Wunsch \u2013 Etage, Lage und Aussicht ganz individuell w\u00e4hlen.\" \/>\n<meta name=\"robots\" content=\"index, nofollow, max-snippet:-1, max-image-preview:large, max-video-preview:-1\" \/>\n<link rel=\"canonical\" href=\"https:\/\/www.daiahotels.com\/de\/wahlen-sie-ihr-zimmer\/\" \/>\n<meta property=\"og:locale\" content=\"de_DE\" \/>\n<meta property=\"og:type\" content=\"article\" \/>\n<meta property=\"og:title\" content=\"W\u00e4hlen sie ihr Zimmer, DAIA Slow Beach Hotel Conil\" \/>\n<meta property=\"og:description\" content=\"W\u00e4hlen Sie Ihr Zimmer im DAIA Conil Hotel: Gestalten Sie Ihren Aufenthalt nach Wunsch \u2013 Etage, Lage und Aussicht ganz individuell w\u00e4hlen.\" \/>\n<meta property=\"og:url\" content=\"https:\/\/www.daiahotels.com\/de\/wahlen-sie-ihr-zimmer\/\" \/>\n<meta property=\"og:site_name\" content=\"DAIA\" \/>\n<meta property=\"article:modified_time\" content=\"2026-03-27T08:59:21+00:00\" \/>\n<meta property=\"og:image\" content=\"https:\/\/www.daiahotels.com\/wp-content\/uploads\/2024\/07\/new-hero.jpg\" \/>\n\t<meta property=\"og:image:width\" content=\"1980\" \/>\n\t<meta property=\"og:image:height\" content=\"718\" \/>\n\t<meta property=\"og:image:type\" content=\"image\/jpeg\" \/>\n<meta name=\"twitter:card\" content=\"summary_large_image\" \/>\n<meta name=\"twitter:label1\" content=\"Gesch\u00e4tzte Lesezeit\" \/>\n\t<meta name=\"twitter:data1\" content=\"1\u00a0Minute\" \/>\n<!-- \/ Yoast SEO plugin. -->","yoast_head_json":{"title":"W\u00e4hlen sie ihr Zimmer, DAIA Slow Beach Hotel Conil","description":"W\u00e4hlen Sie Ihr Zimmer im DAIA Conil Hotel: Gestalten Sie Ihren Aufenthalt nach Wunsch \u2013 Etage, Lage und Aussicht ganz individuell w\u00e4hlen.","robots":{"index":"index","follow":"nofollow","max-snippet":"max-snippet:-1","max-image-preview":"max-image-preview:large","max-video-preview":"max-video-preview:-1"},"canonical":"https:\/\/www.daiahotels.com\/de\/wahlen-sie-ihr-zimmer\/","og_locale":"de_DE","og_type":"article","og_title":"W\u00e4hlen sie ihr Zimmer, DAIA Slow Beach Hotel Conil","og_description":"W\u00e4hlen Sie Ihr Zimmer im DAIA Conil Hotel: Gestalten Sie Ihren Aufenthalt nach Wunsch \u2013 Etage, Lage und Aussicht ganz individuell w\u00e4hlen.","og_url":"https:\/\/www.daiahotels.com\/de\/wahlen-sie-ihr-zimmer\/","og_site_name":"DAIA","article_modified_time":"2026-03-27T08:59:21+00:00","og_image":[{"width":1980,"height":718,"url":"https:\/\/www.daiahotels.com\/wp-content\/uploads\/2024\/07\/new-hero.jpg","type":"image\/jpeg"}],"twitter_card":"summary_large_image","twitter_misc":{"Gesch\u00e4tzte Lesezeit":"1\u00a0Minute"},"schema":{"@context":"https:\/\/schema.org","@graph":[{"@type":"WebPage","@id":"https:\/\/www.daiahotels.com\/de\/wahlen-sie-ihr-zimmer\/","url":"https:\/\/www.daiahotels.com\/de\/wahlen-sie-ihr-zimmer\/","name":"W\u00e4hlen sie ihr Zimmer, DAIA Slow Beach Hotel Conil","isPartOf":{"@id":"https:\/\/www.daiahotels.com\/de\/#website"},"datePublished":"2026-01-19T11:38:29+00:00","dateModified":"2026-03-27T08:59:21+00:00","description":"W\u00e4hlen Sie Ihr Zimmer im DAIA Conil Hotel: Gestalten Sie Ihren Aufenthalt nach Wunsch \u2013 Etage, Lage und Aussicht ganz individuell w\u00e4hlen.","breadcrumb":{"@id":"https:\/\/www.daiahotels.com\/de\/wahlen-sie-ihr-zimmer\/#breadcrumb"},"inLanguage":"de","potentialAction":[{"@type":"ReadAction","target":["https:\/\/www.daiahotels.com\/de\/wahlen-sie-ihr-zimmer\/"]}]},{"@type":"BreadcrumbList","@id":"https:\/\/www.daiahotels.com\/de\/wahlen-sie-ihr-zimmer\/#breadcrumb","itemListElement":[{"@type":"ListItem","position":1,"name":"Home","item":"https:\/\/www.daiahotels.com\/de\/"},{"@type":"ListItem","position":2,"name":"W\u00e4hlen sie ihr Zimmer"}]},{"@type":"WebSite","@id":"https:\/\/www.daiahotels.com\/de\/#website","url":"https:\/\/www.daiahotels.com\/de\/","name":"DAIA","description":"","publisher":{"@id":"https:\/\/www.daiahotels.com\/de\/#organization"},"potentialAction":[{"@type":"SearchAction","target":{"@type":"EntryPoint","urlTemplate":"https:\/\/www.daiahotels.com\/de\/?s={search_term_string}"},"query-input":{"@type":"PropertyValueSpecification","valueRequired":true,"valueName":"search_term_string"}}],"inLanguage":"de"},{"@type":"Organization","@id":"https:\/\/www.daiahotels.com\/de\/#organization","name":"DAIA Slow Beach Hotel Conil de la Frontera","url":"https:\/\/www.daiahotels.com\/de\/","logo":{"@type":"ImageObject","inLanguage":"de","@id":"https:\/\/www.daiahotels.com\/de\/#\/schema\/logo\/image\/","url":"https:\/\/www.daiahotels.com\/wp-content\/uploads\/2022\/05\/daia-conil-ok-mono-scaled.jpg","contentUrl":"https:\/\/www.daiahotels.com\/wp-content\/uploads\/2022\/05\/daia-conil-ok-mono-scaled.jpg","width":2560,"height":2560,"caption":"DAIA Slow Beach Hotel Conil de la Frontera"},"image":{"@id":"https:\/\/www.daiahotels.com\/de\/#\/schema\/logo\/image\/"}}]}},"_links":{"self":[{"href":"https:\/\/www.daiahotels.com\/de\/wp-json\/wp\/v2\/pages\/33606","targetHints":{"allow":["GET"]}}],"collection":[{"href":"https:\/\/www.daiahotels.com\/de\/wp-json\/wp\/v2\/pages"}],"about":[{"href":"https:\/\/www.daiahotels.com\/de\/wp-json\/wp\/v2\/types\/page"}],"author":[{"embeddable":true,"href":"https:\/\/www.daiahotels.com\/de\/wp-json\/wp\/v2\/users\/3"}],"replies":[{"embeddable":true,"href":"https:\/\/www.daiahotels.com\/de\/wp-json\/wp\/v2\/comments?post=33606"}],"version-history":[{"count":3,"href":"https:\/\/www.daiahotels.com\/de\/wp-json\/wp\/v2\/pages\/33606\/revisions"}],"predecessor-version":[{"id":36714,"href":"https:\/\/www.daiahotels.com\/de\/wp-json\/wp\/v2\/pages\/33606\/revisions\/36714"}],"wp:attachment":[{"href":"https:\/\/www.daiahotels.com\/de\/wp-json\/wp\/v2\/media?parent=33606"}],"curies":[{"name":"wp","href":"https:\/\/api.w.org\/{rel}","templated":true}]}}