{"id":23017,"date":"2024-07-29T07:13:30","date_gmt":"2024-07-29T05:13:30","guid":{"rendered":"https:\/\/www.daiahotels.com\/aviso-legal\/"},"modified":"2025-07-21T10:41:48","modified_gmt":"2025-07-21T08:41:48","slug":"rechtlicher-hinweis","status":"publish","type":"page","link":"https:\/\/www.daiahotels.com\/de\/rechtlicher-hinweis\/","title":{"rendered":"Rechtlicher Hinweis"},"content":{"rendered":"\t\t<div data-elementor-type=\"wp-page\" data-elementor-id=\"23017\" class=\"elementor elementor-23017 elementor-17834\" data-elementor-post-type=\"page\">\n\t\t\t\t<div class=\"elementor-element elementor-element-c10bb49 e-flex e-con-boxed e-con e-parent\" data-id=\"c10bb49\" data-element_type=\"container\" data-e-type=\"container\" data-settings=\"{&quot;background_background&quot;:&quot;classic&quot;}\">\n\t\t\t\t\t<div class=\"e-con-inner\">\n\t\t<div class=\"elementor-element elementor-element-57e7d4e e-con-full e-flex e-con e-child\" data-id=\"57e7d4e\" data-element_type=\"container\" data-e-type=\"container\">\n\t\t\t\t<div class=\"elementor-element elementor-element-c4ed6ec elementor-widget elementor-widget-spacer\" data-id=\"c4ed6ec\" data-element_type=\"widget\" data-e-type=\"widget\" data-widget_type=\"spacer.default\">\n\t\t\t\t<div class=\"elementor-widget-container\">\n\t\t\t\t\t\t\t<div class=\"elementor-spacer\">\n\t\t\t<div class=\"elementor-spacer-inner\"><\/div>\n\t\t<\/div>\n\t\t\t\t\t\t<\/div>\n\t\t\t\t<\/div>\n\t\t\t\t<div class=\"elementor-element elementor-element-207f956 elementor-widget elementor-widget-heading\" data-id=\"207f956\" data-element_type=\"widget\" data-e-type=\"widget\" data-widget_type=\"heading.default\">\n\t\t\t\t<div class=\"elementor-widget-container\">\n\t\t\t\t\t<h2 class=\"elementor-heading-title elementor-size-default\">RECHTLICHER HINWEIS<\/h2>\t\t\t\t<\/div>\n\t\t\t\t<\/div>\n\t\t\t\t<div class=\"elementor-element elementor-element-ff1c363 elementor-widget elementor-widget-text-editor\" data-id=\"ff1c363\" data-element_type=\"widget\" data-e-type=\"widget\" data-widget_type=\"text-editor.default\">\n\t\t\t\t<div class=\"elementor-widget-container\">\n\t\t\t\t\t\t\t\t\t<p><strong>VORL\u00c4UFIGE EMPFEHLUNG:<\/strong> Bitte lesen Sie alle Abschnitte dieses rechtlichen Hinweises sowie unsere Datenschutzerkl\u00e4rung, bevor Sie diese Website nutzen. Die folgenden Bedingungen sind f\u00fcr jeden Nutzer der Website verbindlich.<\/p><p>In \u00dcbereinstimmung mit der Informationspflicht gem\u00e4\u00df dem Gesetz 34\/2002 \u00fcber Dienste der Informationsgesellschaft und den elektronischen Gesch\u00e4ftsverkehr (LSSI-CE) vom 11. Juli werden die folgenden allgemeinen Informationen \u00fcber diese Website bereitgestellt.<\/p><p><strong>EINLEITUNG; IDENTIFIKATIONSDATEN UND NUTZER:<\/strong> Dieser rechtliche Hinweis und unsere Datenschutzerkl\u00e4rung regeln die Nutzung des Internetportals <a href=\"http:\/\/www.daiahotels.com\">www.daiahotels.com<\/a> und informieren Sie in \u00dcbereinstimmung mit dem Gesetz 34\/2002 vom 11. Juli wie folgt:<\/p><ul><li><strong>Firmenname:<\/strong> FUERTEGROUP S.L. (im Folgenden DAIA HOTELS)<\/li><li><strong>CIF\/NIF:<\/strong> B-92120237<\/li><li><strong>Gesch\u00e4ftssitz:<\/strong> Severo Ochoa, 28, 9\u00ba A, 29603 Marbella (M\u00e1laga), eingetragen im Handelsregister von M\u00e1laga, Band 2500, Buch 1413, Blatt 132, Abschnitt 8, Blatt MA-40981.<\/li><li><strong>E-Mail:<\/strong> infogrupo@fuerte-group.com<\/li><li><strong>Telefon: 917<\/strong> 941 284<\/li><li><strong>Datenschutzbeauftragter:<\/strong> dpo@fuerte-group.com<\/li><li><strong>Tourismus und Gastgewerbe.<\/strong><\/li><li><strong>Zweck der Website:<\/strong> Kontaktaufnahme, Angebotsanfragen, Reservierungen und F\u00f6rderung unserer Aktivit\u00e4ten.<\/li><\/ul><ul><li><strong>DAIA Slow Beach Hotel Conil<\/strong><\/li><li><strong>Art:<\/strong> Hotel<\/li><li><strong>Kategorie:<\/strong> 5*****<\/li><li><strong>Registrierungsnummer:<\/strong> H\/CA\/01146 &#8211; <a href=\"https:\/\/www.daiahotels.com\/wp-content\/uploads\/2024\/08\/clasificacion-024-08-07t135332-668.pdf\" target=\"_blank\" rel=\"noopener\">Siehe Klassifizierung<\/a><\/li><li><strong>Firmenname:<\/strong> EVERPLANE, S.L.<\/li><li><strong>Gesch\u00e4ftssitz:<\/strong> Severo Ochoa Nr. 28, 9\u00ba A, 29603 Marbella M\u00e1laga<\/li><li><strong>NIF:<\/strong> B81175192<\/li><li><strong>Registrierungsdaten: <\/strong>Blatt MA-46966, Band 2719, Buch 1632, Blatt 119<\/li><\/ul><ul><li>Dieses Dokument zielt darauf ab, die allgemeinen Nutzungsbedingungen des PORTALS festzulegen, die f\u00fcr alle nat\u00fcrlichen Personen, Fachleute und Unternehmen (im Folgenden der NUTZER) verbindlich sind, die es nutzen m\u00f6chten (aktuelle oder zuk\u00fcnftige Dienste, die DAIA HOTELS m\u00f6glicherweise \u00fcber das PORTAL anbietet).<\/li><\/ul><ul><li><strong>PFLICHTEN DES NUTZERS, NUTZUNG DER WEBSITE, IHRER DIENSTE UND INHALTE: <\/strong>Der Nutzer verpflichtet sich, das Portal, die Inhalte und die Dienste unter Beachtung der geltenden Gesetze, allgemein anerkannter Praktiken und der \u00f6ffentlichen Ordnung zu nutzen. Die Nutzung der Website zu illegalen oder sch\u00e4dlichen Zwecken gegen DAIA HOTELS oder Dritte, die den normalen Gebrauch des PORTALS beeintr\u00e4chtigen oder verhindern k\u00f6nnten, ist untersagt. DAIA HOTELS garantiert, dass die vom Portal angebotenen Inhalte und Dienste das Prinzip der Menschenw\u00fcrde, den Schutz von Jugendlichen und Kindern sowie die Nichtdiskriminierung aufgrund von Rasse, Geschlecht, Religion, Meinung, Nationalit\u00e4t, Behinderung oder anderen pers\u00f6nlichen und sozialen Aspekten respektieren. DAIA HOTELS beh\u00e4lt sich das Recht vor, Kommentare und Beitr\u00e4ge zu entfernen, die gegen das Gesetz versto\u00dfen oder die genannten Prinzipien nicht respektieren. Diese Allgemeinen Nutzungsbedingungen des PORTALS gew\u00e4hren dem NUTZER keine weiteren Rechte zur Nutzung, Ver\u00e4nderung, Verwertung, Reproduktion, Verteilung oder \u00f6ffentlichen Kommunikation des Portals und\/oder seiner Inhalte, au\u00dfer in den hier ausdr\u00fccklich vorgesehenen F\u00e4llen. Die Inhalte (Informationen, Ton- und\/oder Bilddateien, Fotos, Designs usw.) auf dem Portal sind Eigentum von DAIA HOTELS oder wurden ordnungsgem\u00e4\u00df zur Verbreitung durch ihre rechtm\u00e4\u00dfigen Eigent\u00fcmer genehmigt. DAIA HOTELS verpflichtet sich, keine irref\u00fchrende Werbung zu betreiben, daher ist Folgendes untersagt:<\/li><li>Die Nutzung zu kommerziellen oder werblichen Zwecken, die nicht ausdr\u00fccklich gestattet sind.<\/li><li>Reproduktion, Ver\u00f6ffentlichung, Verteilung oder \u00c4nderung, ganz oder teilweise, es sei denn, dies wurde zuvor schriftlich von den rechtm\u00e4\u00dfigen Eigent\u00fcmern genehmigt oder ist gesetzlich zul\u00e4ssig.<\/li><li>Jede Verletzung der Rechte von DAIA HOTELS oder ihrer rechtm\u00e4\u00dfigen Eigent\u00fcmer.<\/li><\/ul><ul><li><strong>GEISTIGES UND GEWERBLICHES EIGENTUM: <\/strong>Der NUTZER erkennt an und akzeptiert, dass alle Rechte an geistigem und gewerblichem Eigentum an den Inhalten und\/oder anderen Elementen, die in das Portal eingef\u00fcgt wurden, DAIA HOTELS geh\u00f6ren oder ordnungsgem\u00e4\u00df zur Verbreitung auf diesem PORTAL autorisiert sind. Wenn ein Nutzer oder Dritte der Ansicht sind, dass ihre legitimen geistigen Eigentumsrechte durch die Einf\u00fchrung bestimmter Inhalte auf der Website verletzt wurden, m\u00fcssen sie DAIA HOTELS dar\u00fcber informieren und folgende Informationen bereitstellen:<\/li><li>Personenbezogene Daten des betroffenen Eigent\u00fcmers der angeblich verletzten Rechte oder Angaben zur Vertretung, mit der sie handeln, wenn die Forderung von einem Dritten und nicht vom Betroffenen selbst erhoben wird.<\/li><li>Identifizierung der durch geistige Eigentumsrechte gesch\u00fctzten Inhalte und deren Standort auf der Website, Akkreditierung der genannten geistigen Eigentumsrechte sowie eine ausdr\u00fcckliche Erkl\u00e4rung, in der der Betroffene die Verantwortung f\u00fcr die Richtigkeit der in der Mitteilung bereitgestellten Informationen \u00fcbernimmt.<\/li><\/ul><ul><li><strong>LINKS:<\/strong> Das PORTAL stellt Links zu anderen Websites und Inhalten zur Verf\u00fcgung, die Dritten geh\u00f6ren. Der einzige Zweck dieser Links besteht darin, dem Nutzer Zugang zu solchen Links zu verschaffen. DAIA HOTELS haftet in keinem Fall f\u00fcr die Ergebnisse, die sich aus dem Zugriff des Nutzers auf diese Links ergeben. Der Nutzer, der beabsichtigt, einen technischen Link von seiner Website zum Portal <a href=\"http:\/\/www.daiahotels.com\">daiahotels.com<\/a> zu erstellen, muss zuvor eine schriftliche Genehmigung von DAIA HOTELS einholen. Die Einrichtung des Links impliziert in keinem Fall das Bestehen von Beziehungen zwischen dem PORTAL und dem Inhaber der Website, auf der der Link erstellt wird, noch die Annahme oder Genehmigung von deren Inhalten oder Dienstleistungen durch <a href=\"http:\/\/www.daiahotels.com\">www.daiahotels.com<\/a>.<\/li><\/ul><ul><li><strong>EINSEITIGE \u00c4NDERUNG UND DAUER: DAIA HOTELS<\/strong> beh\u00e4lt sich das Recht vor, jederzeit und ohne vorherige Ank\u00fcndigung die Darstellung und Konfiguration des Webportals <a href=\"http:\/\/www.daiahotels.com\">daiahotels.com<\/a> sowie diesen rechtlichen Hinweis zu \u00e4ndern.<\/li><\/ul><ul><li><strong>HAFTUNGSAUSSCHLUSS:<\/strong> DAIA HOTELS \u00fcbernimmt keine Garantie und haftet in keinem Fall f\u00fcr Sch\u00e4den jeglicher Art, die sich aus Folgendem ergeben k\u00f6nnten:<\/li><li>Das Fehlen der Verf\u00fcgbarkeit, Wartung und des effektiven Betriebs der Website und\/oder ihrer Dienste oder Inhalte.<\/li><li>Das Vorhandensein von Viren, b\u00f6sartigen oder sch\u00e4dlichen Programmen in den Inhalten.<\/li><li>Illegale, nachl\u00e4ssige, betr\u00fcgerische Nutzung, die gegen diese Allgemeinen Bedingungen, gegen Treu und Glauben, gegen allgemein anerkannte Praktiken oder gegen die \u00f6ffentliche Ordnung verst\u00f6\u00dft, der Website, ihrer Dienste oder Inhalte durch die Nutzer.<\/li><\/ul><ul><li><strong>VERARBEITUNG PERSONENBEZOGENER DATEN:<\/strong> DAIA HOTELS hat, wie in seiner &#8222;DATENSCHUTZRICHTLINIE&#8220; dargelegt, die Sie auf unserer Website einsehen k\u00f6nnen, die entsprechenden Sicherheitsstufen f\u00fcr die von ihm verarbeiteten und verwalteten Daten \u00fcbernommen, wobei alle ihm zur Verf\u00fcgung stehenden technischen Mittel und Ma\u00dfnahmen integriert wurden, um die Vertraulichkeit zu gew\u00e4hrleisten, Missbrauch, Verlust, Ver\u00e4nderung, unbefugten Zugriff und Diebstahl zu verhindern.<\/li><\/ul><ul><li><strong>ANWENDBARES RECHT UND GERICHTSSTAND<\/strong>: Die Nutzung und Datenschutzrichtlinien der Website unterliegen spanischem Recht. Im Falle von Streitigkeiten hinsichtlich ihrer G\u00fcltigkeit, Ausf\u00fchrung, Erf\u00fcllung oder Beendigung verzichten FUERTEGROUP und die KUNDEN\/NUTZER\/BEWERBER ausdr\u00fccklich auf ihren Gerichtsstand oder einen anderen, der ihnen zustehen k\u00f6nnte, und unterwerfen sich der Gerichtsbarkeit der Gerichte von Marbella, wo sich der Eigent\u00fcmer dieser Website befindet und somit der Ort, an dem die Verpflichtungen im Zusammenhang mit der Nutzung und Datenschutzrichtlinie erf\u00fcllt werden. Dieser Vertrag stellt die vollst\u00e4ndige und gesamte Vereinbarung zwischen FUERTEGROUP und dem KUNDEN\/NUTZER\/BEWERBER dar und ersetzt alle fr\u00fcheren Vereinbarungen, Verpflichtungen, Zusicherungen oder Absprachen, ob schriftlich oder m\u00fcndlich, die zuvor zwischen ihnen bestanden haben k\u00f6nnten. Im Hinblick auf Streitigkeiten, die sich aus der Ausf\u00fchrung und Erf\u00fcllung des Vertrags oder der auf dieser Website angebotenen Dienstleistungen ergeben und nicht au\u00dfergerichtlich beigelegt werden k\u00f6nnen, sind die Gerichte zust\u00e4ndig, die f\u00fcr den Ort zust\u00e4ndig sind, an dem sich die touristische Einrichtung befindet, die auf dieser Website informiert wird, da dies der Ort ist, an dem die Verpflichtung, die der Streitigkeit zugrunde liegt, erf\u00fcllt wird.<\/li><\/ul><ul><li><strong>PLATTFORM F\u00dcR DIE ONLINE-STREITBEILEGUNG:<\/strong><p><strong>Alternative Streitbeilegung im Verbraucherbereich<\/strong><\/p><p>Verbraucher werden dar\u00fcber informiert, dass sie sich zur Beilegung m\u00f6glicher verbraucherbezogener Konflikte an Stellen zur alternativen Streitbeilegung wenden k\u00f6nnen. Eine solche Stelle ist die Schiedsstelle f\u00fcr Verbraucherangelegenheiten der Autonomen Gemeinschaft Andalusien. Die Kontaktdaten lauten wie folgt:<\/p><ul><li>Telefon: +34 955 006 300<\/li><li>Website: <a href=\"http:\/\/www.consumoresponde.es\/temas\/arbitraje_de_consumo\">consumoresponde.es\/temas\/arbitraje_de_consumo<\/a><\/li><li>E-Mail: <a href=\"mailto:juntaarbitralconsumo.csalud@juntadeandalucia.es\">csalud@juntadeandalucia.es<\/a><\/li><\/ul><\/li><\/ul><ul><li><strong>INFORMATIONEN ZUM WIDERRUF:<\/strong> Gem\u00e4\u00df Artikel 103, l) des K\u00f6niglichen Gesetzesdekrets 1\/2007 vom 16. November \u00fcber das Allgemeine Gesetz zum Schutz der Verbraucher und Nutzer wird darauf hingewiesen, dass der Beherbergungsservice des Hotels, da er eine spezifische Ausf\u00fchrungsfrist oder einen spezifischen Ausf\u00fchrungszeitraum vorsieht, kein Widerrufsrecht vom Beherbergungsvertrag zul\u00e4sst, sobald dieser begonnen hat.<\/li><\/ul><p><strong>KONTAKT:<\/strong> Wenn ein Nutzer Fragen zu diesem rechtlichen Hinweis oder Kommentare zur Website hat, kann er sich an infogrupo@fuerte-group.com wenden.<\/p>\t\t\t\t\t\t\t\t<\/div>\n\t\t\t\t<\/div>\n\t\t\t\t<\/div>\n\t\t<div class=\"elementor-element elementor-element-88a0579 e-con-full e-flex e-con e-child\" data-id=\"88a0579\" data-element_type=\"container\" data-e-type=\"container\">\n\t\t\t\t<\/div>\n\t\t\t\t\t<\/div>\n\t\t\t\t<\/div>\n\t\t\t\t<\/div>\n\t\t","protected":false},"excerpt":{"rendered":"<p>RECHTLICHER HINWEIS VORL\u00c4UFIGE EMPFEHLUNG: Bitte lesen Sie alle Abschnitte dieses rechtlichen Hinweises sowie unsere Datenschutzerkl\u00e4rung, bevor Sie diese Website nutzen. Die folgenden Bedingungen sind f\u00fcr jeden Nutzer der Website verbindlich. In \u00dcbereinstimmung mit der Informationspflicht gem\u00e4\u00df dem Gesetz 34\/2002 \u00fcber Dienste der Informationsgesellschaft und den elektronischen Gesch\u00e4ftsverkehr (LSSI-CE) vom 11. Juli werden die folgenden allgemeinen [&hellip;]<\/p>\n","protected":false},"author":4,"featured_media":0,"parent":0,"menu_order":0,"comment_status":"closed","ping_status":"closed","template":"","meta":{"_acf_changed":false,"inline_featured_image":false,"site-sidebar-layout":"no-sidebar","site-content-layout":"page-builder","ast-site-content-layout":"full-width-container","site-content-style":"default","site-sidebar-style":"default","ast-global-header-display":"","ast-banner-title-visibility":"","ast-main-header-display":"","ast-hfb-above-header-display":"","ast-hfb-below-header-display":"","ast-hfb-mobile-header-display":"","site-post-title":"disabled","ast-breadcrumbs-content":"","ast-featured-img":"disabled","footer-sml-layout":"","ast-disable-related-posts":"","theme-transparent-header-meta":"","adv-header-id-meta":"","stick-header-meta":"","header-above-stick-meta":"","header-main-stick-meta":"","header-below-stick-meta":"","astra-migrate-meta-layouts":"set","ast-page-background-enabled":"default","ast-page-background-meta":{"desktop":{"background-color":"var(--ast-global-color-4)","background-image":"","background-repeat":"repeat","background-position":"center center","background-size":"auto","background-attachment":"scroll","background-type":"","background-media":"","overlay-type":"","overlay-color":"","overlay-opacity":"","overlay-gradient":""},"tablet":{"background-color":"","background-image":"","background-repeat":"repeat","background-position":"center center","background-size":"auto","background-attachment":"scroll","background-type":"","background-media":"","overlay-type":"","overlay-color":"","overlay-opacity":"","overlay-gradient":""},"mobile":{"background-color":"","background-image":"","background-repeat":"repeat","background-position":"center center","background-size":"auto","background-attachment":"scroll","background-type":"","background-media":"","overlay-type":"","overlay-color":"","overlay-opacity":"","overlay-gradient":""}},"ast-content-background-meta":{"desktop":{"background-color":"var(--ast-global-color-5)","background-image":"","background-repeat":"repeat","background-position":"center center","background-size":"auto","background-attachment":"scroll","background-type":"","background-media":"","overlay-type":"","overlay-color":"","overlay-opacity":"","overlay-gradient":""},"tablet":{"background-color":"var(--ast-global-color-5)","background-image":"","background-repeat":"repeat","background-position":"center center","background-size":"auto","background-attachment":"scroll","background-type":"","background-media":"","overlay-type":"","overlay-color":"","overlay-opacity":"","overlay-gradient":""},"mobile":{"background-color":"var(--ast-global-color-5)","background-image":"","background-repeat":"repeat","background-position":"center center","background-size":"auto","background-attachment":"scroll","background-type":"","background-media":"","overlay-type":"","overlay-color":"","overlay-opacity":"","overlay-gradient":""}},"footnotes":""},"class_list":["post-23017","page","type-page","status-publish","hentry"],"acf":[],"yoast_head":"<!-- This site is optimized with the Yoast SEO plugin v27.0 - https:\/\/yoast.com\/product\/yoast-seo-wordpress\/ -->\n<title>Rechtlicher Hinweis DAIA Hotels<\/title>\n<meta name=\"description\" content=\"Rechtlicher Hinweis DAIA Hotels\" \/>\n<meta name=\"robots\" content=\"index, follow, max-snippet:-1, max-image-preview:large, max-video-preview:-1\" \/>\n<link rel=\"canonical\" href=\"https:\/\/www.daiahotels.com\/de\/rechtlicher-hinweis\/\" \/>\n<meta property=\"og:locale\" content=\"de_DE\" \/>\n<meta property=\"og:type\" content=\"article\" \/>\n<meta property=\"og:title\" content=\"Rechtlicher Hinweis DAIA Hotels\" \/>\n<meta property=\"og:description\" content=\"Rechtlicher Hinweis DAIA Hotels\" \/>\n<meta property=\"og:url\" content=\"https:\/\/www.daiahotels.com\/de\/rechtlicher-hinweis\/\" \/>\n<meta property=\"og:site_name\" content=\"DAIA\" \/>\n<meta property=\"article:modified_time\" content=\"2025-07-21T08:41:48+00:00\" \/>\n<meta property=\"og:image\" content=\"https:\/\/www.daiahotels.com\/wp-content\/uploads\/2024\/07\/new-hero.jpg\" \/>\n\t<meta property=\"og:image:width\" content=\"1980\" \/>\n\t<meta property=\"og:image:height\" content=\"718\" \/>\n\t<meta property=\"og:image:type\" content=\"image\/jpeg\" \/>\n<meta name=\"twitter:card\" content=\"summary_large_image\" \/>\n<meta name=\"twitter:label1\" content=\"Gesch\u00e4tzte Lesezeit\" \/>\n\t<meta name=\"twitter:data1\" content=\"7\u00a0Minuten\" \/>\n<!-- \/ Yoast SEO plugin. -->","yoast_head_json":{"title":"Rechtlicher Hinweis DAIA Hotels","description":"Rechtlicher Hinweis DAIA Hotels","robots":{"index":"index","follow":"follow","max-snippet":"max-snippet:-1","max-image-preview":"max-image-preview:large","max-video-preview":"max-video-preview:-1"},"canonical":"https:\/\/www.daiahotels.com\/de\/rechtlicher-hinweis\/","og_locale":"de_DE","og_type":"article","og_title":"Rechtlicher Hinweis DAIA Hotels","og_description":"Rechtlicher Hinweis DAIA Hotels","og_url":"https:\/\/www.daiahotels.com\/de\/rechtlicher-hinweis\/","og_site_name":"DAIA","article_modified_time":"2025-07-21T08:41:48+00:00","og_image":[{"width":1980,"height":718,"url":"https:\/\/www.daiahotels.com\/wp-content\/uploads\/2024\/07\/new-hero.jpg","type":"image\/jpeg"}],"twitter_card":"summary_large_image","twitter_misc":{"Gesch\u00e4tzte Lesezeit":"7\u00a0Minuten"},"schema":{"@context":"https:\/\/schema.org","@graph":[{"@type":"WebPage","@id":"https:\/\/www.daiahotels.com\/de\/rechtlicher-hinweis\/","url":"https:\/\/www.daiahotels.com\/de\/rechtlicher-hinweis\/","name":"Rechtlicher Hinweis DAIA Hotels","isPartOf":{"@id":"https:\/\/www.daiahotels.com\/de\/#website"},"datePublished":"2024-07-29T05:13:30+00:00","dateModified":"2025-07-21T08:41:48+00:00","description":"Rechtlicher Hinweis DAIA Hotels","breadcrumb":{"@id":"https:\/\/www.daiahotels.com\/de\/rechtlicher-hinweis\/#breadcrumb"},"inLanguage":"de","potentialAction":[{"@type":"ReadAction","target":["https:\/\/www.daiahotels.com\/de\/rechtlicher-hinweis\/"]}]},{"@type":"BreadcrumbList","@id":"https:\/\/www.daiahotels.com\/de\/rechtlicher-hinweis\/#breadcrumb","itemListElement":[{"@type":"ListItem","position":1,"name":"Home","item":"https:\/\/www.daiahotels.com\/de\/"},{"@type":"ListItem","position":2,"name":"Rechtlicher Hinweis"}]},{"@type":"WebSite","@id":"https:\/\/www.daiahotels.com\/de\/#website","url":"https:\/\/www.daiahotels.com\/de\/","name":"DAIA","description":"","publisher":{"@id":"https:\/\/www.daiahotels.com\/de\/#organization"},"potentialAction":[{"@type":"SearchAction","target":{"@type":"EntryPoint","urlTemplate":"https:\/\/www.daiahotels.com\/de\/?s={search_term_string}"},"query-input":{"@type":"PropertyValueSpecification","valueRequired":true,"valueName":"search_term_string"}}],"inLanguage":"de"},{"@type":"Organization","@id":"https:\/\/www.daiahotels.com\/de\/#organization","name":"DAIA Slow Beach Hotel Conil de la Frontera","url":"https:\/\/www.daiahotels.com\/de\/","logo":{"@type":"ImageObject","inLanguage":"de","@id":"https:\/\/www.daiahotels.com\/de\/#\/schema\/logo\/image\/","url":"https:\/\/www.daiahotels.com\/wp-content\/uploads\/2022\/05\/daia-conil-ok-mono-scaled.jpg","contentUrl":"https:\/\/www.daiahotels.com\/wp-content\/uploads\/2022\/05\/daia-conil-ok-mono-scaled.jpg","width":2560,"height":2560,"caption":"DAIA Slow Beach Hotel Conil de la Frontera"},"image":{"@id":"https:\/\/www.daiahotels.com\/de\/#\/schema\/logo\/image\/"}}]}},"_links":{"self":[{"href":"https:\/\/www.daiahotels.com\/de\/wp-json\/wp\/v2\/pages\/23017","targetHints":{"allow":["GET"]}}],"collection":[{"href":"https:\/\/www.daiahotels.com\/de\/wp-json\/wp\/v2\/pages"}],"about":[{"href":"https:\/\/www.daiahotels.com\/de\/wp-json\/wp\/v2\/types\/page"}],"author":[{"embeddable":true,"href":"https:\/\/www.daiahotels.com\/de\/wp-json\/wp\/v2\/users\/4"}],"replies":[{"embeddable":true,"href":"https:\/\/www.daiahotels.com\/de\/wp-json\/wp\/v2\/comments?post=23017"}],"version-history":[{"count":0,"href":"https:\/\/www.daiahotels.com\/de\/wp-json\/wp\/v2\/pages\/23017\/revisions"}],"wp:attachment":[{"href":"https:\/\/www.daiahotels.com\/de\/wp-json\/wp\/v2\/media?parent=23017"}],"curies":[{"name":"wp","href":"https:\/\/api.w.org\/{rel}","templated":true}]}}